{"id":2046,"date":"2021-02-17T17:24:38","date_gmt":"2021-02-17T16:24:38","guid":{"rendered":"http:\/\/zeglarzezpabianic.pl\/?page_id=2046"},"modified":"2025-04-14T21:15:34","modified_gmt":"2025-04-14T19:15:34","slug":"jestem-the-best","status":"publish","type":"page","link":"http:\/\/zeglarzezpabianic.pl\/index.php\/jestem-the-best\/","title":{"rendered":"Jestem THE BEST"},"content":{"rendered":"\n<div class=\"wp-block-ps2id-block-target\" id=\"o-programie\"><\/div>\n\n\n\n<p class=\"has-vivid-red-color has-white-background-color has-text-color has-background\"><strong>O PROGRAMIE<\/strong><\/p>\n\n\n\n<h5 class=\"wp-block-heading\"><strong>AHOJ M\u0141ODZI \u017bEGLARZE!<\/strong><\/h5>\n\n\n\n<p>Pomys\u0142odawc\u0105 oraz inicjatorem edukacyjnego programu \u201cJestem THE BEST\u201d jest kpt. Krzysztof Grzegorek, kt\u00f3ry od wielu lat organizuje rejsy morskie dla m\u0142odzie\u017cy.<\/p>\n\n\n<div class=\"wp-block-image\">\n<figure class=\"alignleft\"><img loading=\"lazy\" decoding=\"async\" width=\"300\" height=\"200\" src=\"http:\/\/zeglarzezpabianic.pl\/wp-content\/uploads\/2019\/12\/jtb-2-300x200.jpg\" alt=\"\" class=\"wp-image-418\" srcset=\"http:\/\/zeglarzezpabianic.pl\/wp-content\/uploads\/2019\/12\/jtb-2-300x200.jpg 300w, http:\/\/zeglarzezpabianic.pl\/wp-content\/uploads\/2019\/12\/jtb-2-768x512.jpg 768w, http:\/\/zeglarzezpabianic.pl\/wp-content\/uploads\/2019\/12\/jtb-2-1024x683.jpg 1024w, http:\/\/zeglarzezpabianic.pl\/wp-content\/uploads\/2019\/12\/jtb-2.jpg 1920w\" sizes=\"auto, (max-width: 300px) 100vw, 300px\" \/><\/figure>\n<\/div>\n\n\n<p>Pierwszy rejs z m\u0142odzie\u017c\u0105 ze szk\u00f3\u0142 \u015brednich odby\u0142 si\u0119 w 1999 roku na jachcie sy Lady B. Obserwacja zachowa\u0144 m\u0142odych ludzi, ich reakcje na now\u0105, nieznan\u0105 dot\u0105d rzeczywisto\u015b\u0107, a zw\u0142aszcza konieczno\u015b\u0107 pracy zespo\u0142owej oraz wymagania dyscypliny pok\u0142adowej zrodzi\u0142y pomys\u0142 corocznych rejs\u00f3w z m\u0142odzie\u017c\u0105 szkoln\u0105. Do\u015bwiadczenia kilku lat doprowadzi\u0142y do wypracowania obecnej formy realizacji tego programu, kt\u00f3ry w 2007 roku przyj\u0105\u0142 nazw\u0119 \u201cJestem THE BEST\u201d. Nazwa ta wyra\u017ca najwa\u017cniejszy cel projektu, czyli kszta\u0142cenie w\u015br\u00f3d m\u0142odzie\u017cy cech kreatywnych i przyw\u00f3dczych, tak by w przysz\u0142o\u015bci byli oni najlepsi na r\u00f3\u017cnych p\u0142aszczyznach \u017cycia. Pobyt na morzu ma stanowi\u0107 sprzyjaj\u0105ce okoliczno\u015bci kreowaniu si\u0119 lider\u00f3w o wysokiej inteligencji emocjonalnej oraz o znacz\u0105cych zasobach wiedzy i umiej\u0119tno\u015bci, a wykonywane prezentacje na forum swojej szko\u0142y dla uczni\u00f3w m\u0142odszych klas o prze\u017cytym rejsie maj\u0105 przygotowywa\u0107 m\u0142odzie\u017c do publicznych wyst\u0105pie\u0144 oraz prezentacji swojej osoby.<\/p>\n\n\n\n<p>Pocz\u0105tkowo program \u201cJestem THE BEST\u201d obejmowa\u0142 tylko m\u0142odzie\u017c gimnazjaln\u0105, a od 2010 roku do\u0142\u0105czy\u0142o do przedsi\u0119wzi\u0119cia Starostwo Powiatu Pabianickiego, kt\u00f3re to z Urz\u0119dem Miasta Pabianic wsp\u00f3\u0142organizuj\u0105 program, funduj\u0105c uczniom miejsce w za\u0142odze, do dnia dzisiejszego.&nbsp;<\/p>\n\n\n\n<p>Aktualnie realizacj\u0119 programu koordynuje Dorota Becht (kontakt: <a href=\"mailto:bechtdorota@gmail.com\">bechtdorota@gmail.com<\/a>, tel. 887 072 712).<\/p>\n\n\n\n<div class=\"wp-block-ps2id-block-target\" id=\"regulamin\"><\/div>\n\n\n\n<p class=\"has-vivid-red-color has-text-color\"><strong>REGULAMINY PROGRAMU<\/strong><\/p>\n\n\n\n<div class=\"wp-block-file has-pale-cyan-blue-background-color has-background\"><a id=\"wp-block-file--media-fbb82c41-c7a6-43a1-b56b-aaf8610d37c4\" href=\"http:\/\/zeglarzezpabianic.pl\/wp-content\/uploads\/2025\/04\/regulamin-2025-szkoly-podstawowe-1.pdf\" target=\"_blank\" rel=\"noreferrer noopener\"><strong>Regulamin 2025 -SZKO\u0141Y PODSTAWOWE<\/strong><\/a><a href=\"http:\/\/zeglarzezpabianic.pl\/wp-content\/uploads\/2025\/04\/regulamin-2025-szkoly-podstawowe-1.pdf\" class=\"wp-block-file__button wp-element-button\" download aria-describedby=\"wp-block-file--media-fbb82c41-c7a6-43a1-b56b-aaf8610d37c4\">Pobierz<\/a><\/div>\n\n\n\n<div class=\"wp-block-file has-pale-cyan-blue-background-color has-background\"><a id=\"wp-block-file--media-e4a93aa3-8cc6-44ad-9a5a-8456a3ff0c8b\" href=\"http:\/\/zeglarzezpabianic.pl\/wp-content\/uploads\/2025\/04\/regulamin-2025-szkoly-ponadpodstawowe.pdf\" target=\"_blank\" rel=\"noreferrer noopener\"><strong>Regulamin 2025 -SZKO\u0141Y PONADPODSTAWOWE<\/strong><\/a><a href=\"http:\/\/zeglarzezpabianic.pl\/wp-content\/uploads\/2025\/04\/regulamin-2025-szkoly-ponadpodstawowe.pdf\" class=\"wp-block-file__button wp-element-button\" download aria-describedby=\"wp-block-file--media-e4a93aa3-8cc6-44ad-9a5a-8456a3ff0c8b\">Pobierz<\/a><\/div>\n\n\n\n<p><\/p>\n\n\n\n<p><a href=\"http:\/\/zeglarzezpabianic.pl\/wp-content\/uploads\/2019\/12\/przykladowe-pytania-jestem-the-best-2013.pdf\">Przyk\u0142adowe pytania testowe<\/a><\/p>\n\n\n\n<p><strong>I  ETAP \u2013 konkurs marynistyczny <\/strong><\/p>\n\n\n\n<p class=\"has-vivid-red-color has-text-color\"><strong><strong>ETAPY PROGRAMU &#8222;Jestem THE BEST&#8221;<\/strong><\/strong><\/p>\n\n\n<div class=\"wp-block-image\">\n<figure class=\"alignright\"><a href=\"http:\/\/zeglarzezpabianic.pl\/wp-content\/uploads\/2019\/12\/jtb-3.jpg\"><img loading=\"lazy\" decoding=\"async\" width=\"300\" height=\"225\" src=\"http:\/\/zeglarzezpabianic.pl\/wp-content\/uploads\/2019\/12\/jtb-3-300x225.jpg\" alt=\"\" class=\"wp-image-419\" srcset=\"http:\/\/zeglarzezpabianic.pl\/wp-content\/uploads\/2019\/12\/jtb-3-300x225.jpg 300w, http:\/\/zeglarzezpabianic.pl\/wp-content\/uploads\/2019\/12\/jtb-3-768x576.jpg 768w, http:\/\/zeglarzezpabianic.pl\/wp-content\/uploads\/2019\/12\/jtb-3-1024x768.jpg 1024w, http:\/\/zeglarzezpabianic.pl\/wp-content\/uploads\/2019\/12\/jtb-3.jpg 1920w\" sizes=\"auto, (max-width: 300px) 100vw, 300px\" \/><\/a><\/figure>\n<\/div>\n\n\n<p>Program rozpoczyna si\u0119 w okresie zimowym, podczas kt\u00f3rego do ka\u017cdej pabianickiej szko\u0142y podstawowej i \u015bredniej przekazywany jest zestaw pyta\u0144 konkursu marynistycznego \u201cPolska le\u017cy nad Ba\u0142tykiem.\u201d<\/p>\n\n\n\n<p>Konkurs w formie testu polega na wykazaniu mo\u017cliwie najlepszej znajomo\u015bci geografii Polski i pa\u0144stw Morza Ba\u0142tyckiego, jego fauny i flory, polskiej historii morskiej, a tak\u017ce podstawowego nazewnictwa \u017ceglarskiego i nawigacji morskiej.<\/p>\n\n\n\n<p>W konkursie mog\u0105 wzi\u0105\u0107 wszyscy uczniowie klas 7. szk\u00f3\u0142 podstawowych oraz klas 1. szk\u00f3\u0142 \u015brednich. O ostatecznym wyniku decyduje ilo\u015b\u0107 poprawnych odpowiedzi. W przypadku, gdy wyniki b\u0119d\u0105 identyczne, o wyborze laureata decyduje dyrektor szko\u0142y na podstawie zachowania ucznia i osi\u0105gni\u0119\u0107 w innych dziedzinach nauki.<\/p>\n\n\n\n<p>Z ka\u017cdej szko\u0142y wy\u0142aniany jest tylko jeden zwyci\u0119zca, kt\u00f3ry przechodzi do etapu odbywaj\u0105cego si\u0119 odpowiednio w Urz\u0119dzie Miejskim i Starostwie Pabianickim. Rozstrzygni\u0119cie nast\u0119puje do ko\u0144ca kwietnia. W rejsie morskim, kt\u00f3ry stanowi g\u0142\u00f3wn\u0105 nagrod\u0119, \u0142\u0105cznie uczestniczy sze\u015bcioro uczni\u00f3w (troje z poziomu szk\u00f3\u0142 podstawowych oraz troje z poziomu szk\u00f3\u0142 \u015brednich).<\/p>\n\n\n<div class=\"wp-block-image\">\n<figure class=\"alignleft\"><a href=\"http:\/\/zeglarzezpabianic.pl\/wp-content\/uploads\/2019\/12\/jtb-4.jpg\"><img loading=\"lazy\" decoding=\"async\" width=\"300\" height=\"225\" src=\"http:\/\/zeglarzezpabianic.pl\/wp-content\/uploads\/2019\/12\/jtb-4-300x225.jpg\" alt=\"\" class=\"wp-image-420\" srcset=\"http:\/\/zeglarzezpabianic.pl\/wp-content\/uploads\/2019\/12\/jtb-4-300x225.jpg 300w, http:\/\/zeglarzezpabianic.pl\/wp-content\/uploads\/2019\/12\/jtb-4-768x576.jpg 768w, http:\/\/zeglarzezpabianic.pl\/wp-content\/uploads\/2019\/12\/jtb-4-1024x768.jpg 1024w, http:\/\/zeglarzezpabianic.pl\/wp-content\/uploads\/2019\/12\/jtb-4.jpg 1920w\" sizes=\"auto, (max-width: 300px) 100vw, 300px\" \/><\/a><\/figure>\n<\/div>\n\n\n<p>Nast\u0119pnie organizowane jest oficjalne spotkanie z Prezydentem Miasta Pabianic oraz Starost\u0105 Powiatu Pabianickiego, podczas kt\u00f3rego przyznawane s\u0105 nagrody oraz nast\u0119puje podpisanie przez laureat\u00f3w deklaracji zobowi\u0105zuj\u0105cej uczni\u00f3w do wykonania prezentacji o rejsie dla swoich szkolnych koleg\u00f3w. W spotkaniu uczestnicz\u0105 tak\u017ce Kapitan Krzysztof Grzegorek, dyrektorzy szk\u00f3\u0142, rodzice laureat\u00f3w oraz lokalne media.<\/p>\n\n\n\n<p>Przed rejsem morskim organizowane s\u0105 spotkania w siedzibie PKSW przygotowuj\u0105ce m\u0142odzie\u017c do rejsu.<\/p>\n\n\n\n<div class=\"wp-block-ps2id-block-target\" id=\"rejs\"><\/div>\n\n\n\n<p><strong>II  ETAP \u2013 rejs morski<\/strong><\/p>\n\n\n<div class=\"wp-block-image\">\n<figure class=\"alignright\"><a href=\"http:\/\/zeglarzezpabianic.pl\/wp-content\/uploads\/2019\/12\/jtb-5.jpg\"><img loading=\"lazy\" decoding=\"async\" width=\"300\" height=\"200\" src=\"http:\/\/zeglarzezpabianic.pl\/wp-content\/uploads\/2019\/12\/jtb-5-300x200.jpg\" alt=\"\" class=\"wp-image-421\" srcset=\"http:\/\/zeglarzezpabianic.pl\/wp-content\/uploads\/2019\/12\/jtb-5-300x200.jpg 300w, http:\/\/zeglarzezpabianic.pl\/wp-content\/uploads\/2019\/12\/jtb-5-768x512.jpg 768w, http:\/\/zeglarzezpabianic.pl\/wp-content\/uploads\/2019\/12\/jtb-5-1024x683.jpg 1024w, http:\/\/zeglarzezpabianic.pl\/wp-content\/uploads\/2019\/12\/jtb-5.jpg 1920w\" sizes=\"auto, (max-width: 300px) 100vw, 300px\" \/><\/a><\/figure>\n<\/div>\n\n\n<p>G\u0142\u00f3wn\u0105 nagrod\u0105 dla uczni\u00f3w jest uczestnictwo w siedmiodniowym rejsie morskim w okresie wakacyjnym. M\u0142odzie\u017c staje si\u0119 cz\u0119\u015bci\u0105 dwunastoosobowej za\u0142ogi jachtu \u017caglowego. Przed wyp\u0142yni\u0119ciem uczniowie przechodz\u0105 podstawowe szkolenie, przygotowuj\u0105ce do rejsu. Kapitanem jachtu jest kpt. Krzysztof Grzegorek, pozosta\u0142\u0105 cz\u0119\u015b\u0107 za\u0142ogi stanowi\u0105 wykwalifikowani \u017ceglarze i laureaci konkursu.<\/p>\n\n\n\n<p><em><strong>Rok 2025:<\/strong><\/em><\/p>\n\n\n\n<p class=\"has-pale-cyan-blue-background-color has-background\"><em><strong>Termin rejsu: 23-30 sierpnia 2025 r.<br><\/strong>Planowana trasa: Ustka-Nexo-Chrisianso-Karlskrona-Allinge-Hammerhavn-Ko\u0142obrzeg<br>Jacht: s\/y Roztocze (typ: Antares, d\u0142ugo\u015b\u0107: 18,06 m)<\/em><a href=\"https:\/\/pl.wikipedia.org\/wiki\/SY_Roztocze\">\u00a0<em>wi\u0119cej informacji<\/em><\/a><\/p>\n\n\n\n<p>Po rejsie organizowane jest w siedzibie PKSW spotkanie porejsowe, na kt\u00f3rym uczniowie otrzymuj\u0105 opinie z rejsu, kt\u00f3ra w przysz\u0142o\u015bci niezb\u0119dna jest do potwierdzenia sta\u017cu dla ch\u0119tnych zdobycia patentu jachtowego sternika morskiego.<\/p>\n\n\n\n<div class=\"wp-block-ps2id-block-target\" id=\"prezentacje\"><\/div>\n\n\n\n<p><strong>III  ETAP \u2013 prezentacje laureat\u00f3w&nbsp;<\/strong><\/p>\n\n\n<div class=\"wp-block-image\">\n<figure class=\"alignleft\"><a href=\"http:\/\/zeglarzezpabianic.pl\/wp-content\/uploads\/2019\/12\/jtb-6.jpg\"><img loading=\"lazy\" decoding=\"async\" width=\"300\" height=\"200\" src=\"http:\/\/zeglarzezpabianic.pl\/wp-content\/uploads\/2019\/12\/jtb-6-300x200.jpg\" alt=\"\" class=\"wp-image-422\" srcset=\"http:\/\/zeglarzezpabianic.pl\/wp-content\/uploads\/2019\/12\/jtb-6-300x200.jpg 300w, http:\/\/zeglarzezpabianic.pl\/wp-content\/uploads\/2019\/12\/jtb-6-768x512.jpg 768w, http:\/\/zeglarzezpabianic.pl\/wp-content\/uploads\/2019\/12\/jtb-6-1024x683.jpg 1024w, http:\/\/zeglarzezpabianic.pl\/wp-content\/uploads\/2019\/12\/jtb-6.jpg 1920w\" sizes=\"auto, (max-width: 300px) 100vw, 300px\" \/><\/a><\/figure>\n<\/div>\n\n\n<p>Cho\u0107 g\u0142\u00f3wn\u0105 i najbardziej atrakcyjn\u0105 nagrod\u0105 jest rejs morski, to najwa\u017cniejsz\u0105 cz\u0119\u015bci\u0105 ca\u0142ego programu s\u0105 prezentacje uczni\u00f3w. Rejs morski stanowi tak naprawd\u0119 interesuj\u0105cy i niecodzienny materia\u0142 do stworzenia reporta\u017cu. Na pocz\u0105tku nowego roku szkolnego uczniowie prezentuj\u0105 na forum ca\u0142ej szko\u0142y swoje prze\u017cycia oraz wydarzenia z rejsu. W\u0142a\u015bnie wtedy osi\u0105gany jest cel programu, kt\u00f3rym jest przygotowanie m\u0142odych ludzi do publicznych wyst\u0105pie\u0144, a tak\u017ce prezentacji samego siebie.<\/p>\n\n\n\n<div class=\"wp-block-ps2id-block-target\" id=\"edycja-2020\"><\/div>\n\n\n\n<p class=\"has-vivid-red-color has-text-color\"><strong>EDYCJA 2020<\/strong><\/p>\n\n\n\n<p>W 2020 roku konkurs marynistyczny wygrali:<\/p>\n\n\n\n<p><strong>Maja Wodzy\u0144ska <\/strong>z Zespo\u0142u Szk\u00f3\u0142 nr 2<br><strong>Adam W\u0105do\u0142owski<\/strong> z I Liceum Og\u00f3lnokszta\u0142c\u0105cego<br><strong>Witold Biega\u0144ski<\/strong> z II Liceum Og\u00f3lnokszta\u0142c\u0105cego&nbsp;<br><strong>Amelia J\u0119drczak<\/strong> ze Szko\u0142y Podstawowej nr 17&nbsp;<br><strong>Oliwia Siedlecka<\/strong> ze Szko\u0142y Podstawowej nr 17&nbsp;<br><strong>Karolina Karbowiak<\/strong> ze Szko\u0142y Podstawowej nr 17&nbsp;<\/p>\n\n\n\n<p>Ze wzgl\u0119du na aktualn\u0105 sytuacj\u0119 w kraju zwi\u0105zan\u0105 z epidemi\u0105 prezentacje laureat\u00f3w nie mog\u0142y odby\u0107 si\u0119 w szkole, dlatego uczniowie przygotowali filmiki o prze\u017cytym rejsie.<\/p>\n\n\n\n<p>Zach\u0119camy do wys\u0142uchania morskich opowie\u015bci z perspektywy m\u0142odych wilk\u00f3w morskich:<\/p>\n\n\n\n<figure class=\"wp-block-embed is-type-video is-provider-youtube wp-block-embed-youtube wp-embed-aspect-4-3 wp-has-aspect-ratio\"><div class=\"wp-block-embed__wrapper\">\n<iframe loading=\"lazy\" title=\"Jestem THE BEST 2020 - prezentacja uczennic SP 17 w Pabianicach\" width=\"525\" height=\"394\" src=\"https:\/\/www.youtube.com\/embed\/JiW4nyxzG_g?feature=oembed\" frameborder=\"0\" allow=\"accelerometer; autoplay; clipboard-write; encrypted-media; gyroscope; picture-in-picture; web-share\" referrerpolicy=\"strict-origin-when-cross-origin\" allowfullscreen><\/iframe>\n<\/div><figcaption class=\"wp-element-caption\">Prezentacja autorstwa uczennic SP nr 17 w Pabianiach: Amelii J\u0119drczak, Oliwi Siedleckiej oraz Karoliny Karbowiak<\/figcaption><\/figure>\n\n\n\n<figure class=\"wp-block-embed is-type-video is-provider-youtube wp-block-embed-youtube wp-embed-aspect-16-9 wp-has-aspect-ratio\"><div class=\"wp-block-embed__wrapper\">\n<iframe loading=\"lazy\" title=\"Jestem THE BEST 2020 - prezentacja ucznia II LO w Pabianicach\" width=\"525\" height=\"295\" src=\"https:\/\/www.youtube.com\/embed\/aiKTs6hILus?feature=oembed\" frameborder=\"0\" allow=\"accelerometer; autoplay; clipboard-write; encrypted-media; gyroscope; picture-in-picture; web-share\" referrerpolicy=\"strict-origin-when-cross-origin\" allowfullscreen><\/iframe>\n<\/div><figcaption class=\"wp-element-caption\">Prezentacja autorstwa ucznia II Liceum Og\u00f3lnokszta\u0142c\u0105cego w Pabianiach: Witolda Biega\u0144skiego<\/figcaption><\/figure>\n\n\n\n<figure class=\"wp-block-embed is-type-video is-provider-youtube wp-block-embed-youtube wp-embed-aspect-16-9 wp-has-aspect-ratio\"><div class=\"wp-block-embed__wrapper\">\n<iframe loading=\"lazy\" title=\"Jestem THE BEST 2020 - prezentacja ucznia I LO w Pabianicach\" width=\"525\" height=\"295\" src=\"https:\/\/www.youtube.com\/embed\/6epHAtPkKGA?feature=oembed\" frameborder=\"0\" allow=\"accelerometer; autoplay; clipboard-write; encrypted-media; gyroscope; picture-in-picture; web-share\" referrerpolicy=\"strict-origin-when-cross-origin\" allowfullscreen><\/iframe>\n<\/div><figcaption class=\"wp-element-caption\"><em>Prezentacja autorstwa ucznia I Liceum Og\u00f3lnokszta\u0142c\u0105cego w Pabianiach: Adama W\u0105do\u0142owskiego<\/em><\/figcaption><\/figure>\n\n\n\n<figure class=\"wp-block-embed is-type-video is-provider-youtube wp-block-embed-youtube wp-embed-aspect-16-9 wp-has-aspect-ratio\"><div class=\"wp-block-embed__wrapper\">\n<iframe loading=\"lazy\" title=\"Jestem THE BEST 2020 - prezentacja uczennicy ZS nr 2 w Pabianicach\" width=\"525\" height=\"295\" src=\"https:\/\/www.youtube.com\/embed\/U-ixVSxrzuU?feature=oembed\" frameborder=\"0\" allow=\"accelerometer; autoplay; clipboard-write; encrypted-media; gyroscope; picture-in-picture; web-share\" referrerpolicy=\"strict-origin-when-cross-origin\" allowfullscreen><\/iframe>\n<\/div><figcaption class=\"wp-element-caption\">Prezentacja autorstwa uczennicy Zespo\u0142u Szk\u00f3\u0142 nr 2 w Pabianicach: Mai Wodzy\u0144skiej<\/figcaption><\/figure>\n\n\n\n<p class=\"has-vivid-red-color has-text-color\"><strong>FILMIKI LAURET\u00d3W POPRZEDNICH EDYCJI PROGRAMU:<\/strong><\/p>\n\n\n\n<center>\n<iframe loading=\"lazy\" src=\"https:\/\/www.youtube.com\/embed\/roi-mk-PelM\" allowfullscreen=\"\" width=\"300\" height=\"200\" frameborder=\"0\"><\/iframe>\n\n<iframe loading=\"lazy\" src=\"https:\/\/www.youtube.com\/embed\/IAHpVwstTs4\" allowfullscreen=\"\" width=\"300\" height=\"200\" frameborder=\"0\"><\/iframe> <br><br>\n\n<iframe loading=\"lazy\" src=\"https:\/\/www.youtube.com\/embed\/W89zUw7F6WE\" allowfullscreen=\"\" width=\"300\" height=\"200\" frameborder=\"0\"><\/iframe>\n\n<iframe loading=\"lazy\" src=\"https:\/\/www.youtube.com\/embed\/9NvUselybGA\" allowfullscreen=\"\" width=\"300\" height=\"200\" frameborder=\"0\"><\/iframe><br><br>\n\n<iframe loading=\"lazy\" src=\"https:\/\/www.youtube.com\/embed\/x9Kf-PO8LaY\" allowfullscreen=\"\" width=\"300\" height=\"200\" frameborder=\"0\"><\/iframe>\n\n<iframe loading=\"lazy\" src=\"https:\/\/www.youtube.com\/embed\/24ygjYG4fIQ\" allowfullscreen=\"\" width=\"300\" height=\"200\" frameborder=\"0\"><\/iframe><br><br>\n\n<iframe loading=\"lazy\" src=\"https:\/\/www.youtube.com\/embed\/QZ6fWupnMYs\" allowfullscreen=\"\" width=\"300\" height=\"200\" frameborder=\"0\"><\/iframe>\n\n<iframe loading=\"lazy\" src=\"https:\/\/www.youtube.com\/embed\/jj1qk8OfnX8\" allowfullscreen=\"\" width=\"300\" height=\"200\" frameborder=\"0\"><\/iframe><br><br>\n<\/center>\n\n\n\n<div class=\"wp-block-ps2id-block-target\" id=\"inne\"><\/div>\n\n\n\n<p class=\"has-vivid-red-color has-text-color\"><strong>CO DAJE UCZESTNICTWO W REJSIE MORSKIM?<\/strong><\/p>\n\n\n\n<p>Opr\u00f3cz \u015bwietnego wypoczynku po trudach szkolnych to r\u00f3wnie\u017c szko\u0142a \u017cycia! Rejs daje mo\u017cliwo\u015b\u0107 zdobycia nowego do\u015bwiadczenia, uczy pracy w grupie, daje okazj\u0119 zg\u0142\u0119bienia tajnik\u00f3w \u017ceglarstwa.<\/p>\n\n\n\n<p>Dla wielu uczni\u00f3w by\u0142 on pocz\u0105tkiem przygody z \u017ceglarstwem, kt\u00f3r\u0105 kontynuuj\u0105 do dzi\u015b b\u0119d\u0105c cz\u0142onkami PKSW.<\/p>\n\n\n\n<p>To nie s\u0105 zwyk\u0142e wakacje. Zostaniecie postawieni w zupe\u0142nie nowych sytuacjach. Nie zawsze sprzyjaj\u0105 tu warunki pogodowe. Czasem m\u0119czy choroba morska, cz\u0119sto wiatr wieje w oczy. Rejs uczy jak poradzi\u0107 sobie w ci\u0119\u017ckiej sytuacji. Daje do zrozumienia, \u017ce niemo\u017cliwe, staje si\u0119 mo\u017cliwym, je\u015bli do\u0142o\u017cy si\u0119 do tego stara\u0144 i ch\u0119ci. Przyja\u017anie zapocz\u0105tkowane na morzu zwykle trwaj\u0105 przez ca\u0142e \u017cycie. Mieszkaj\u0105c przez tydzie\u0144 z jedenastoma osobami na pok\u0142adzie, na kilkunastu metrach kwadratowych mo\u017cna si\u0119 o nich wiele dowiedzie\u0107. Rejs po Ba\u0142tyku to tak\u017ce wspania\u0142a forma rekreacji. Nie ulega w\u0105tpliwo\u015bci, \u017ce tydzie\u0144 na morzu odrywa nas od codziennych trosk i problem\u00f3w.<\/p>\n\n\n\n<p class=\"has-vivid-red-color has-text-color\"><strong>NAJCZ\u0118\u015aCIEJ ZADAWANE PYTANIA:<\/strong><\/p>\n\n\n\n<p><strong>Czy mo\u017cna wzi\u0105\u0107 udzia\u0142 w konkursie bez umiej\u0119tno\u015bci \u017ceglarskich?<\/strong><\/p>\n\n\n<div class=\"wp-block-image\">\n<figure class=\"alignright\"><a href=\"http:\/\/zeglarzezpabianic.pl\/wp-content\/uploads\/2019\/12\/jtb-7.jpg\"><img loading=\"lazy\" decoding=\"async\" width=\"300\" height=\"200\" src=\"http:\/\/zeglarzezpabianic.pl\/wp-content\/uploads\/2019\/12\/jtb-7-300x200.jpg\" alt=\"\" class=\"wp-image-423\" srcset=\"http:\/\/zeglarzezpabianic.pl\/wp-content\/uploads\/2019\/12\/jtb-7-300x200.jpg 300w, http:\/\/zeglarzezpabianic.pl\/wp-content\/uploads\/2019\/12\/jtb-7-768x512.jpg 768w, http:\/\/zeglarzezpabianic.pl\/wp-content\/uploads\/2019\/12\/jtb-7-1024x683.jpg 1024w, http:\/\/zeglarzezpabianic.pl\/wp-content\/uploads\/2019\/12\/jtb-7.jpg 1920w\" sizes=\"auto, (max-width: 300px) 100vw, 300px\" \/><\/a><\/figure>\n<\/div>\n\n\n<p>Regulamin konkursu i kwalifikacji uczni\u00f3w do nagrody Prezydenta Miasta Pabianic oraz Starosty Powiatu Pabianickiego nie zobowi\u0105zuje do konieczno\u015bci posiadania umiej\u0119tno\u015bci \u017ceglarskich lub posiadania jakichkolwiek stopni \u017ceglarskich (tzn. patent\u00f3w).<\/p>\n\n\n\n<p>Do konkursu jednak mog\u0105 przyst\u0105pi\u0107 uczniowie, kt\u00f3rzy posiadaj\u0105:<\/p>\n\n\n\n<ul class=\"wp-block-list\">\n<li>umiej\u0119tno\u015b\u0107 p\u0142ywania potwierdzon\u0105 o\u015bwiadczeniem rodzic\u00f3w lub opiekun\u00f3w,<\/li>\n\n\n\n<li>orzeczenie lekarskie o zdolno\u015bci do uprawiania sport\u00f3w wodnych,<\/li>\n\n\n\n<li>zgod\u0119 rodzic\u00f3w lub opiekun\u00f3w do uprawiania sport\u00f3w wodnych,<\/li>\n\n\n\n<li>zgod\u0119 rodzic\u00f3w lub opiekun\u00f3w na udzia\u0142 w za\u0142odze rejsu jachtem \u017caglowym po Morzu Ba\u0142tyckim.<\/li>\n<\/ul>\n\n\n<div class=\"wp-block-image\">\n<figure class=\"alignleft\"><a href=\"http:\/\/zeglarzezpabianic.pl\/wp-content\/uploads\/2019\/12\/jtb-8.jpg\"><img loading=\"lazy\" decoding=\"async\" width=\"300\" height=\"200\" src=\"http:\/\/zeglarzezpabianic.pl\/wp-content\/uploads\/2019\/12\/jtb-8-300x200.jpg\" alt=\"\" class=\"wp-image-424\" srcset=\"http:\/\/zeglarzezpabianic.pl\/wp-content\/uploads\/2019\/12\/jtb-8-300x200.jpg 300w, http:\/\/zeglarzezpabianic.pl\/wp-content\/uploads\/2019\/12\/jtb-8-768x512.jpg 768w, http:\/\/zeglarzezpabianic.pl\/wp-content\/uploads\/2019\/12\/jtb-8-1024x683.jpg 1024w, http:\/\/zeglarzezpabianic.pl\/wp-content\/uploads\/2019\/12\/jtb-8.jpg 1920w\" sizes=\"auto, (max-width: 300px) 100vw, 300px\" \/><\/a><\/figure>\n<\/div>\n\n\n<p>Przed wyp\u0142yni\u0119ciem w rejs wszyscy uczniowie przechodz\u0105 podstawowe szkolenie \u017ceglarskie, podczas kt\u00f3rego dowiaduj\u0105 si\u0119 jak obs\u0142ugiwa\u0107 jacht czy jak zachowywa\u0107 si\u0119 podczas rejsu. Laureaci s\u0105 cz\u0119\u015bci\u0105 za\u0142ogi, jednak podlegaj\u0105 oni rozkazom oficer\u00f3w wachtowych i Kapitana, kt\u00f3rzy podejmuj\u0105 wszelkie decyzje, a tak\u017ce pomagaj\u0105 m\u0142odzie\u017cy czynnie uczestniczy\u0107 w rejsie podczas np. sterowania, stawiania i sk\u0142adania \u017cagli, manewr\u00f3w na morzu i w porcie.<\/p>\n\n\n\n<p><strong>Jak radzi\u0107 sobie z ewentualn\u0105 chorob\u0105 morsk\u0105 podczas rejsu?&nbsp;<\/strong><\/p>\n\n\n\n<p>Strach przed chorob\u0105 morsk\u0105 towarzyszy ka\u017cdemu, kto po raz pierwszy ma okazj\u0119 postawi\u0107 swoj\u0105 stop\u0119 na pok\u0142adzie jachtu. Niedo\u015bwiadczony \u017ceglarz nie wie jeszcze jak jego organizm zareaguje na rozfalowane morze. Zamiast odpowiedzie\u0107 bezpo\u015brednio na to pytanie, zach\u0119camy do zapoznania si\u0119 z artyku\u0142em Mateusza Kusznierewicza- polskiego \u017ceglarza sportowego, mistrza olimpijskiego, a tak\u017ce mistrza \u015bwiata.<br>Tak, tak\u2026 on tak\u017ce boryka si\u0119 z chorob\u0105 morsk\u0105.<\/p>\n","protected":false},"excerpt":{"rendered":"<p>O PROGRAMIE AHOJ M\u0141ODZI \u017bEGLARZE! Pomys\u0142odawc\u0105 oraz inicjatorem edukacyjnego programu \u201cJestem THE BEST\u201d jest kpt. Krzysztof Grzegorek, kt\u00f3ry od wielu lat organizuje rejsy morskie dla m\u0142odzie\u017cy. Pierwszy rejs z m\u0142odzie\u017c\u0105 &hellip; <\/p>\n<p class=\"link-more\"><a href=\"http:\/\/zeglarzezpabianic.pl\/index.php\/jestem-the-best\/\" class=\"more-link\">Czytaj dalej<span class=\"screen-reader-text\"> \u201eJestem THE BEST\u201d<\/span><\/a><\/p>\n","protected":false},"author":2,"featured_media":0,"parent":0,"menu_order":0,"comment_status":"closed","ping_status":"closed","template":"","meta":{"footnotes":""},"class_list":["post-2046","page","type-page","status-publish","hentry"],"_links":{"self":[{"href":"http:\/\/zeglarzezpabianic.pl\/index.php\/wp-json\/wp\/v2\/pages\/2046","targetHints":{"allow":["GET"]}}],"collection":[{"href":"http:\/\/zeglarzezpabianic.pl\/index.php\/wp-json\/wp\/v2\/pages"}],"about":[{"href":"http:\/\/zeglarzezpabianic.pl\/index.php\/wp-json\/wp\/v2\/types\/page"}],"author":[{"embeddable":true,"href":"http:\/\/zeglarzezpabianic.pl\/index.php\/wp-json\/wp\/v2\/users\/2"}],"replies":[{"embeddable":true,"href":"http:\/\/zeglarzezpabianic.pl\/index.php\/wp-json\/wp\/v2\/comments?post=2046"}],"version-history":[{"count":15,"href":"http:\/\/zeglarzezpabianic.pl\/index.php\/wp-json\/wp\/v2\/pages\/2046\/revisions"}],"predecessor-version":[{"id":3143,"href":"http:\/\/zeglarzezpabianic.pl\/index.php\/wp-json\/wp\/v2\/pages\/2046\/revisions\/3143"}],"wp:attachment":[{"href":"http:\/\/zeglarzezpabianic.pl\/index.php\/wp-json\/wp\/v2\/media?parent=2046"}],"curies":[{"name":"wp","href":"https:\/\/api.w.org\/{rel}","templated":true}]}}