{"id":53,"date":"2019-04-10T10:49:14","date_gmt":"2019-04-10T10:49:14","guid":{"rendered":"http:\/\/192.168.1.107\/?page_id=53"},"modified":"2025-03-21T11:38:09","modified_gmt":"2025-03-21T10:38:09","slug":"kontakt","status":"publish","type":"page","link":"http:\/\/zeglarzezpabianic.pl\/index.php\/kontakt\/","title":{"rendered":"Kontakt"},"content":{"rendered":"\n<p><strong>Sprawy organizacyjne oraz koordynacja programu \u201eJestem THE BEST\u201d:<\/strong><br>Dorota Becht &#8211; tel. 887-072-712<\/p>\n\n\n\n<p><strong>Kurs na patent \u017ceglarza jachtowego:<\/strong><br>Seweryn Morawiec  &#8211; tel. 792 641 171<\/p>\n\n\n\n<p class=\"has-pale-cyan-blue-background-color has-background\">Szczeg\u00f3\u0142y dt. kursu w 2025 roku: <a href=\"http:\/\/zeglarzezpabianic.pl\/index.php\/2025\/03\/21\/zostan-zeglarzem\/\"><strong>KLIKNIJ TUTAJ!<\/strong><\/a><\/p>\n\n\n\n<p><\/p>\n\n\n\n<p>e-mail: <a href=\"mailto:pk&#115;w.z&#101;glarzezpab&#105;anic&#064;gma&#105;&#108;.&#099;om\">p&#107;&#115;w&#46;&#122;e&#103;l&#97;r&#122;&#101;z&#112;&#97;b&#105;&#97;&#110;&#105;c&#64;&#103;&#109;a&#105;l.&#99;o&#109;<\/a><br><\/p>\n\n\n\n<p class=\"has-vivid-cyan-blue-color has-text-color has-large-font-size\">Siedziba Klubu w Pabianicach<\/p>\n\n\n\n<!--<p>Spotykamy si\u0119 w ka\u017cd\u0105 \u015brod\u0119 od godziny 18.30 oraz w niedziel\u0119 w godzinach od 9.00 do 14.00!<\/p>-->\n\n\n\n<div class=\"wp-block-media-text alignwide is-stacked-on-mobile\"><figure class=\"wp-block-media-text__media\"><img loading=\"lazy\" decoding=\"async\" width=\"1024\" height=\"684\" src=\"http:\/\/zeglarzezpabianic.pl\/wp-content\/uploads\/2023\/10\/szkutnia-7-1024x684.jpg\" alt=\"\" class=\"wp-image-2726 size-full\" srcset=\"http:\/\/zeglarzezpabianic.pl\/wp-content\/uploads\/2023\/10\/szkutnia-7-1024x684.jpg 1024w, http:\/\/zeglarzezpabianic.pl\/wp-content\/uploads\/2023\/10\/szkutnia-7-300x200.jpg 300w, http:\/\/zeglarzezpabianic.pl\/wp-content\/uploads\/2023\/10\/szkutnia-7-768x513.jpg 768w, http:\/\/zeglarzezpabianic.pl\/wp-content\/uploads\/2023\/10\/szkutnia-7.jpg 1200w\" sizes=\"auto, (max-width: 767px) 89vw, (max-width: 1000px) 54vw, (max-width: 1071px) 543px, 580px\" \/><\/figure><div class=\"wp-block-media-text__content\">\n<p><strong>adres<\/strong>:<br><strong>PABIANICKIE CENTRUM SPORT\u00d3W WODNYCH<\/strong><\/p>\n\n\n\n<p><strong>ul. Bugaj 110, Lewityn<\/strong> (<em>wjazd od ulicy Pop\u0142awskiej<\/em>)<br>95-200 Pabianice<\/p>\n\n\n\n<p style=\"font-size:7px\"><em>foto: EPAinfo<\/em><\/p>\n<\/div><\/div>\n\n\n\n<p><strong>Spotkania w Klubie<\/strong> odbywaj\u0105 si\u0119 w ka\u017cd\u0105 \u015brod\u0119 (g. 18-21) oraz niedziel\u0119 (g. 11-14).<\/p>\n\n\n\n<iframe src=\"https:\/\/www.google.com\/maps\/embed?pb=!1m14!1m8!1m3!1d1750.5329523798491!2d19.37529013277194!3d51.648347636376165!3m2!1i1024!2i768!4f13.1!3m3!1m2!1s0x471a37379f77d769%3A0x7d2003069f3ef4d5!2sPabianickie%20Centrum%20Sport%C3%B3w%20Wodnych!5e0!3m2!1spl!2spl!4v1696599456486!5m2!1spl!2spl\" width=\"600\" height=\"450\" style=\"border:0;\" allowfullscreen=\"\" loading=\"lazy\" referrerpolicy=\"no-referrer-when-downgrade\"><\/iframe>\n\n\n\n<hr class=\"wp-block-separator has-text-color has-cyan-bluish-gray-color has-css-opacity has-cyan-bluish-gray-background-color has-background is-style-wide\"\/>\n\n\n\n<p class=\"has-vivid-cyan-blue-color has-text-color has-large-font-size\">O\u015brodek rekreacyjno-\u017ceglarski w Nowym Duninowie<\/p>\n\n\n\n<div class=\"wp-block-media-text alignwide is-stacked-on-mobile\"><figure class=\"wp-block-media-text__media\"><img loading=\"lazy\" decoding=\"async\" width=\"1024\" height=\"768\" src=\"http:\/\/zeglarzezpabianic.pl\/wp-content\/uploads\/2023\/01\/WhatsApp-Image-2022-10-12-at-14.17.33-1024x768.jpeg\" alt=\"\" class=\"wp-image-2523 size-full\" srcset=\"http:\/\/zeglarzezpabianic.pl\/wp-content\/uploads\/2023\/01\/WhatsApp-Image-2022-10-12-at-14.17.33-1024x768.jpeg 1024w, http:\/\/zeglarzezpabianic.pl\/wp-content\/uploads\/2023\/01\/WhatsApp-Image-2022-10-12-at-14.17.33-300x225.jpeg 300w, http:\/\/zeglarzezpabianic.pl\/wp-content\/uploads\/2023\/01\/WhatsApp-Image-2022-10-12-at-14.17.33-768x576.jpeg 768w, http:\/\/zeglarzezpabianic.pl\/wp-content\/uploads\/2023\/01\/WhatsApp-Image-2022-10-12-at-14.17.33-1536x1152.jpeg 1536w, http:\/\/zeglarzezpabianic.pl\/wp-content\/uploads\/2023\/01\/WhatsApp-Image-2022-10-12-at-14.17.33.jpeg 2048w\" sizes=\"auto, (max-width: 767px) 89vw, (max-width: 1000px) 54vw, (max-width: 1071px) 543px, 580px\" \/><\/figure><div class=\"wp-block-media-text__content\">\n<p><strong>adres<\/strong>:<\/p>\n\n\n\n<p>ul. Portowa 1<br>09-505 Nowy Dunin\u00f3w<\/p>\n<\/div><\/div>\n\n\n\n<p><\/p>\n\n\n\n<p><strong>Bosmanat<\/strong><\/p>\n\n\n\n<p>Krystyna i Tadeusz Serwowie<br>tel. +48 509 180 805<\/p>\n\n\n\n<hr class=\"wp-block-separator has-css-opacity is-style-wide\"\/>\n\n\n\n<p class=\"has-small-font-size\">W zwi\u0105zku ze zmian\u0105 przepis\u00f3w dotycz\u0105cych przetwarzania danych osobowych wynikaj\u0105c\u0105 z wej\u015bcia w \u017cycie w dniu 25 maja 2018 roku Rozporz\u0105dzenia Parlamentu Europejskiego i Rady (UE) 2016\/679 z dnia 27 kwietnia 2016 r. w sprawie ochrony os\u00f3b fizycznych w zwi\u0105zku z przetwarzaniem danych osobowych i w sprawie swobodnego przep\u0142ywu takich danych oraz uchylenia dyrektywy 95\/46\/WE (tzw. RODO), informujemy, \u017ce przes\u0142anie do naszego stowarzyszenia wiadomo\u015bci mailowej jest jednoznaczne z wyra\u017ceniem zgody na przetwarzanie swoich danych osobowych przez Pabianicki Klub Sport\u00f3w Wodnych z siedzib\u0105 w Pabianicach, ul. Grota Roweckiego 3, w celu udzielenia odpowiedzi. Pa\u0144stwa dane osobowe b\u0119d\u0105 przetwarzane do czasu cofni\u0119cia zgody lub przez okres niezb\u0119dny do ustalenia, dochodzenia lub obrony roszcze\u0144. Maj\u0105 Pa\u0144stwo prawo dost\u0119pu do danych, sprostowania, usuni\u0119cia lub ograniczenia przetwarzania, prawo sprzeciwu, prawo wniesienia skargi do organu nadzorczego i prawo do przeniesienia danych.<\/p>\n\n\n\n<hr class=\"wp-block-separator has-css-opacity is-style-wide\"\/>\n","protected":false},"excerpt":{"rendered":"<p>Sprawy organizacyjne oraz koordynacja programu \u201eJestem THE BEST\u201d:Dorota Becht &#8211; tel. 887-072-712 Kurs na patent \u017ceglarza jachtowego:Seweryn Morawiec &#8211; tel. 792 641 171 Szczeg\u00f3\u0142y dt. kursu w 2025 roku: KLIKNIJ &hellip; <\/p>\n<p class=\"link-more\"><a href=\"http:\/\/zeglarzezpabianic.pl\/index.php\/kontakt\/\" class=\"more-link\">Czytaj dalej<span class=\"screen-reader-text\"> \u201eKontakt\u201d<\/span><\/a><\/p>\n","protected":false},"author":2,"featured_media":0,"parent":0,"menu_order":0,"comment_status":"closed","ping_status":"closed","template":"","meta":{"footnotes":""},"class_list":["post-53","page","type-page","status-publish","hentry"],"_links":{"self":[{"href":"http:\/\/zeglarzezpabianic.pl\/index.php\/wp-json\/wp\/v2\/pages\/53","targetHints":{"allow":["GET"]}}],"collection":[{"href":"http:\/\/zeglarzezpabianic.pl\/index.php\/wp-json\/wp\/v2\/pages"}],"about":[{"href":"http:\/\/zeglarzezpabianic.pl\/index.php\/wp-json\/wp\/v2\/types\/page"}],"author":[{"embeddable":true,"href":"http:\/\/zeglarzezpabianic.pl\/index.php\/wp-json\/wp\/v2\/users\/2"}],"replies":[{"embeddable":true,"href":"http:\/\/zeglarzezpabianic.pl\/index.php\/wp-json\/wp\/v2\/comments?post=53"}],"version-history":[{"count":23,"href":"http:\/\/zeglarzezpabianic.pl\/index.php\/wp-json\/wp\/v2\/pages\/53\/revisions"}],"predecessor-version":[{"id":3080,"href":"http:\/\/zeglarzezpabianic.pl\/index.php\/wp-json\/wp\/v2\/pages\/53\/revisions\/3080"}],"wp:attachment":[{"href":"http:\/\/zeglarzezpabianic.pl\/index.php\/wp-json\/wp\/v2\/media?parent=53"}],"curies":[{"name":"wp","href":"https:\/\/api.w.org\/{rel}","templated":true}]}}