{"id":56,"date":"2019-04-10T10:51:15","date_gmt":"2019-04-10T10:51:15","guid":{"rendered":"http:\/\/192.168.1.107\/?page_id=56"},"modified":"2025-03-21T12:18:47","modified_gmt":"2025-03-21T11:18:47","slug":"osrodek-zeglarski","status":"publish","type":"page","link":"http:\/\/zeglarzezpabianic.pl\/index.php\/osrodek-zeglarski\/","title":{"rendered":"O\u015brodek rekreacyjno-\u017ceglarski w Nowym Duninowie"},"content":{"rendered":"\n<p>O\u015brodek \u017ceglarski w Nowym Duninowie niedaleko P\u0142ocka &#8211; zaledwie 120 km od Pabianic &#8211; po\u0142o\u017cony jest w lesie nad brzegiem Jeziora W\u0142oc\u0142awskiego. Lokalizacja o\u015brodka z dala od miejskiego zgie\u0142ku w samym sercu Gostyni\u0144skiego Parku Krajobrazowego zapewnia spok\u00f3j, cisz\u0119, a zarazem umo\u017cliwia aktywny wypoczynek. Jest to doskona\u0142a propozycja dla \u017ceglarzy i mi\u0142o\u015bnik\u00f3w jachtingu. Specjalnie dla nich od pocz\u0105tku maja do ko\u0144ca pa\u017adziernika czeka przysta\u0144 \u017ceglarska, przy kt\u00f3rej mo\u017cna wodowa\u0107 i cumowa\u0107 jachty.<\/p>\n\n\n\n<div class=\"wp-block-file\"><a id=\"wp-block-file--media-d4c97f24-246f-4dcb-801e-63df7749da88\" href=\"http:\/\/zeglarzezpabianic.pl\/wp-content\/uploads\/2023\/12\/2019-05-29-Regulamin-ND-opis-wydruk.pdf\" target=\"_blank\" rel=\"noreferrer noopener\"><strong><mark style=\"background-color:rgba(0, 0, 0, 0)\" class=\"has-inline-color has-luminous-vivid-orange-color\">REGULAMIN O\u015aRODKA<\/mark><\/strong><\/a><a href=\"http:\/\/zeglarzezpabianic.pl\/wp-content\/uploads\/2023\/12\/2019-05-29-Regulamin-ND-opis-wydruk.pdf\" class=\"wp-block-file__button wp-element-button\" download aria-describedby=\"wp-block-file--media-d4c97f24-246f-4dcb-801e-63df7749da88\">Pobierz<\/a><\/div>\n\n\n\n<div class=\"wp-block-file\"><a id=\"wp-block-file--media-d790ca66-b42c-48fd-84e5-e17529e4a335\" href=\"http:\/\/zeglarzezpabianic.pl\/wp-content\/uploads\/2023\/12\/2019-05-29-Regulamin-ND-szkic-lokalizacyjny-wydruk.pdf\"><strong><mark style=\"background-color:rgba(0, 0, 0, 0)\" class=\"has-inline-color has-luminous-vivid-orange-color\">SZKIC LOKALIZACYJNY<\/mark><\/strong><\/a><a href=\"http:\/\/zeglarzezpabianic.pl\/wp-content\/uploads\/2023\/12\/2019-05-29-Regulamin-ND-szkic-lokalizacyjny-wydruk.pdf\" class=\"wp-block-file__button wp-element-button\" download aria-describedby=\"wp-block-file--media-d790ca66-b42c-48fd-84e5-e17529e4a335\">Pobierz<\/a><\/div>\n\n\n\n<p><\/p>\n\n\n\n<figure class=\"wp-block-image size-large\"><img loading=\"lazy\" decoding=\"async\" width=\"2000\" height=\"1125\" src=\"http:\/\/zeglarzezpabianic.pl\/wp-content\/uploads\/2023\/02\/WhatsApp-Image-2022-10-12-at-14.17.36-edited.jpeg\" alt=\"\" class=\"wp-image-2559\" srcset=\"http:\/\/zeglarzezpabianic.pl\/wp-content\/uploads\/2023\/02\/WhatsApp-Image-2022-10-12-at-14.17.36-edited.jpeg 2000w, http:\/\/zeglarzezpabianic.pl\/wp-content\/uploads\/2023\/02\/WhatsApp-Image-2022-10-12-at-14.17.36-edited-300x169.jpeg 300w, http:\/\/zeglarzezpabianic.pl\/wp-content\/uploads\/2023\/02\/WhatsApp-Image-2022-10-12-at-14.17.36-edited-1024x576.jpeg 1024w, http:\/\/zeglarzezpabianic.pl\/wp-content\/uploads\/2023\/02\/WhatsApp-Image-2022-10-12-at-14.17.36-edited-768x432.jpeg 768w, http:\/\/zeglarzezpabianic.pl\/wp-content\/uploads\/2023\/02\/WhatsApp-Image-2022-10-12-at-14.17.36-edited-1536x864.jpeg 1536w\" sizes=\"auto, (max-width: 767px) 89vw, (max-width: 1000px) 54vw, (max-width: 1071px) 543px, 580px\" \/><\/figure>\n\n\n\n<p class=\"has-medium-font-size\"><strong>Nocleg<\/strong><\/p>\n\n\n\n<p>Do dyspozycji Go\u015bci na terenie o\u015brodka znajduje si\u0119 6 domk\u00f3w letniskowych typu &#8222;Brda&#8221;. S\u0105 to 4-osobowe domki, sk\u0142adaj\u0105ce si\u0119 z pokoju dziennego na parterze, sypialni na poddaszu oraz kuchni z wyposa\u017ceniem. W bliskiej odleg\u0142o\u015bci domk\u00f3w znajduj\u0105 si\u0119 toalety wraz z umywalniami i natryskami. Bosman mo\u017ce udost\u0119pni\u0107 grilla.<\/p>\n\n\n\n<p>Przed przyjazdem nale\u017cy koniecznie dokona\u0107 rezerwacji u Bosmana o\u015brodka.<\/p>\n\n\n\n<p class=\"has-medium-font-size\"><strong>Przysta\u0144<\/strong><\/p>\n\n\n\n<p>Chcesz zarzuci\u0107 u nas cumy? U nas znajdziesz oko\u0142o 20 miejsc dla swojego jachtu lub motor\u00f3wki. <\/p>\n\n\n\n<figure class=\"wp-block-embed is-type-video is-provider-youtube wp-block-embed-youtube wp-embed-aspect-16-9 wp-has-aspect-ratio\"><div class=\"wp-block-embed__wrapper\">\n<iframe loading=\"lazy\" title=\"Przysta\u0144 w pabianickim o\u015brodku w Nowym Duninowie\" width=\"525\" height=\"295\" src=\"https:\/\/www.youtube.com\/embed\/pp6cHONhSxs?feature=oembed\" frameborder=\"0\" allow=\"accelerometer; autoplay; clipboard-write; encrypted-media; gyroscope; picture-in-picture; web-share\" referrerpolicy=\"strict-origin-when-cross-origin\" allowfullscreen><\/iframe>\n<\/div><\/figure>\n\n\n\n<p><\/p>\n\n\n\n<p>Ponadto na terenie o\u015brodka znajduje si\u0119:<\/p>\n\n\n\n<ul class=\"wp-block-list\">\n<li>pole namiotowe i kempingowe po\u0142o\u017cone blisko brzegu<\/li>\n\n\n\n<li>parking<\/li>\n\n\n\n<li>mini plac zabaw<\/li>\n\n\n\n<li>wypo\u017cyczalnia sprz\u0119tu wodnego, kt\u00f3ra posiada w swojej ofercie \u017cagl\u00f3wki, kajaki oraz rowery wodne<\/li>\n\n\n\n<li>miejsce na ognisko<\/li>\n\n\n\n<li>miejsce do grillowania pod wiat\u0105<\/li>\n<\/ul>\n\n\n\n<div class=\"wp-block-buttons is-content-justification-center is-layout-flex wp-container-core-buttons-is-layout-28206b41 wp-block-buttons-is-layout-flex\">\n<div class=\"wp-block-button has-custom-font-size has-medium-font-size\"><a class=\"wp-block-button__link has-vivid-red-background-color has-background wp-element-button\" href=\"http:\/\/zeglarzezpabianic.pl\/wp-content\/uploads\/2025\/03\/Cennik-Duninow2025-1-1.pdf\" target=\"_blank\" rel=\"noreferrer noopener\">Koszty pobytu, korzystania z przystani &#8211; 2025<\/a><\/div>\n<\/div>\n\n\n\n<p><\/p>\n\n\n\n<p class=\"has-medium-font-size\"><strong>Blisko o\u015brodka&#8230;<\/strong><\/p>\n\n\n\n<ul class=\"wp-block-list\">\n<li>300 metr\u00f3w (5 min. pieszo) &#8211; stacja paliw<\/li>\n\n\n\n<li>1200 metr\u00f3w (15 min. pieszo) &#8211; centrum Nowego Duninowa (sklepy, ko\u015bci\u00f3\u0142, port, restauracja)<\/li>\n\n\n\n<li>4 km (50 min. pieszo,  4 min. autem) &#8211; Restauracja Pod \u017baglami<\/li>\n<\/ul>\n\n\n\n<div class=\"wp-block-ps2id-block-target\" id=\"kontakt\"><\/div>\n\n\n\n<h2 class=\"wp-block-heading\">Adres:<\/h2>\n\n\n\n<p>ul. Portowa 1<br> 09-505 Nowy Dunin\u00f3w<br>telefon: +48 509 180 805 <\/p>\n\n\n\n<p>Opiek\u0119 nad o\u015brodkiem sprawuj\u0105 Tadeusz i Krystyna Serwowie<\/p>\n\n\n\n<center>\n<iframe loading=\"lazy\" src=\"https:\/\/www.google.com\/maps\/embed?pb=!1m18!1m12!1m3!1d2423.949998940197!2d19.464562315114406!3d52.588597238896696!2m3!1f0!2f0!3f0!3m2!1i1024!2i768!4f13.1!3m3!1m2!1s0x471c7d905a1864fb%3A0x213a231087fade69!2sPortowa+1%2C+09-505+Nowy+Dunin%C3%B3w!5e0!3m2!1spl!2spl!4v1488137980040\" style=\"border:0\" allowfullscreen=\"\" width=\"726\" height=\"450\" frameborder=\"0\"><\/iframe><br><br>\n<\/center>\n\n\n\n<p><\/p>\n\n\n\n<div class=\"wp-block-group\"><div class=\"wp-block-group__inner-container is-layout-constrained wp-block-group-is-layout-constrained\"><div  id=\"jtg-2574\" class=\"modula modula-gallery modula-creative-gallery\" data-config=\"{&quot;height&quot;:800,&quot;tabletHeight&quot;:800,&quot;mobileHeight&quot;:800,&quot;desktopHeight&quot;:800,&quot;enableTwitter&quot;:false,&quot;enableWhatsapp&quot;:false,&quot;enableFacebook&quot;:false,&quot;enablePinterest&quot;:false,&quot;enableLinkedin&quot;:false,&quot;enableEmail&quot;:false,&quot;randomFactor&quot;:0.5,&quot;type&quot;:&quot;creative-gallery&quot;,&quot;columns&quot;:12,&quot;gutter&quot;:10,&quot;mobileGutter&quot;:10,&quot;tabletGutter&quot;:10,&quot;desktopGutter&quot;:10,&quot;enableResponsive&quot;:&quot;0&quot;,&quot;tabletColumns&quot;:&quot;2&quot;,&quot;mobileColumns&quot;:&quot;1&quot;,&quot;lazyLoad&quot;:0,&quot;lightboxOpts&quot;:{&quot;animated&quot;:true,&quot;Thumbs&quot;:{&quot;type&quot;:&quot;modern&quot;,&quot;showOnStart&quot;:false},&quot;Toolbar&quot;:{&quot;display&quot;:{&quot;right&quot;:[&quot;close&quot;]},&quot;enabled&quot;:true},&quot;Carousel&quot;:{&quot;Panzoom&quot;:{&quot;touch&quot;:true},&quot;infinite&quot;:false},&quot;keyboard&quot;:{&quot;Escape&quot;:&quot;close&quot;,&quot;Delete&quot;:&quot;close&quot;,&quot;Backspace&quot;:&quot;close&quot;,&quot;PageUp&quot;:false,&quot;PageDown&quot;:false,&quot;ArrowUp&quot;:false,&quot;ArrowDown&quot;:false,&quot;ArrowRight&quot;:false,&quot;ArrowLeft&quot;:false},&quot;touch&quot;:false,&quot;backdropClick&quot;:false,&quot;l10n&quot;:{&quot;CLOSE&quot;:&quot;Zamknij&quot;,&quot;NEXT&quot;:&quot;Nast\\u0119pny&quot;,&quot;PREV&quot;:&quot;Poprzedni&quot;,&quot;Error&quot;:&quot;Nie mo\\u017cna wczyta\\u0107 \\u017c\\u0105danej tre\\u015bci. Spr\\u00f3buj ponownie p\\u00f3\\u017aniej.&quot;,&quot;PLAY_START&quot;:&quot;Rozpocznij pokaz slajd\\u00f3w&quot;,&quot;PLAY_STOP&quot;:&quot;Zatrzymaj pokaz slajd\\u00f3w&quot;,&quot;FULL_SCREEN&quot;:&quot;Pe\\u0142ny ekran&quot;,&quot;THUMBS&quot;:&quot;Miniaturki&quot;,&quot;DOWNLOAD&quot;:&quot;Pobieranie&quot;,&quot;SHARE&quot;:&quot;Udost\\u0119pnij&quot;,&quot;ZOOM&quot;:&quot;Powi\\u0119kszenie&quot;,&quot;EMAIL&quot;:&quot;Here is the link to the image : %%image_link%% and this is the link to the gallery : %%gallery_link%%&quot;,&quot;MODAL&quot;:&quot;Mo\\u017cesz zamkn\\u0105\\u0107 t\\u0119 zawarto\\u015b\\u0107 okna modalnego za pomoc\\u0105 klawisza ESC&quot;,&quot;ERROR&quot;:&quot;Co\\u015b posz\\u0142o nie tak. Spr\\u00f3buj ponownie p\\u00f3\\u017aniej&quot;,&quot;IMAGE_ERROR&quot;:&quot;Nie znaleziono obrazka&quot;,&quot;ELEMENT_NOT_FOUND&quot;:&quot;Nie znaleziono elementu HTML&quot;,&quot;AJAX_NOT_FOUND&quot;:&quot;B\\u0142\\u0105d wczytywania AJAX: Nie znaleziono&quot;,&quot;AJAX_FORBIDDEN&quot;:&quot;B\\u0142\\u0105d wczytywania AJAX: Zabronione&quot;,&quot;IFRAME_ERROR&quot;:&quot;B\\u0142\\u0105d wczytywania strony&quot;,&quot;TOGGLE_ZOOM&quot;:&quot;Prze\\u0142\\u0105cz poziom powi\\u0119kszenia&quot;,&quot;TOGGLE_THUMBS&quot;:&quot;Prze\\u0142\\u0105cz miniaturki&quot;,&quot;TOGGLE_SLIDESHOW&quot;:&quot;Prze\\u0142\\u0105cz pokaz slajd\\u00f3w&quot;,&quot;TOGGLE_FULLSCREEN&quot;:&quot;Prze\\u0142\\u0105cz tryb pe\\u0142noekranowy&quot;},&quot;Images&quot;:{&quot;Panzoom&quot;:{&quot;maxScale&quot;:2}},&quot;mainClass&quot;:&quot;modula-fancybox-container modula-lightbox-jtg-2574&quot;,&quot;Html&quot;:{&quot;videoAutoplay&quot;:0,&quot;videoTpl&quot;:&quot;&lt;video class=\\&quot;fancybox__html5video\\&quot; controls muted playsinline controlsList controlsList=\\&quot;nodownload\\&quot; poster=\\&quot;{{poster}}\\&quot; src=\\&quot;{{src}}\\&quot; type=\\&quot;{{format}}\\&quot; &gt;  Sorry, your browser doesn&#039;t support embedded videos, &lt;a href=\\&quot;{{src}}\\&quot;&gt; download &lt;\\\/a&gt; and watch with your favorite video player! &lt;\\\/video&gt;&quot;}},&quot;inView&quot;:false,&quot;email_subject&quot;:&quot;Sprawd\\u017a ten niesamowity obrazek!&quot;,&quot;email_message&quot;:&quot;Oto odno\\u015bnik do obrazku: %%image_link%%, a to odno\\u015bnik do galerii: %%gallery_link%%&quot;,&quot;lightbox&quot;:&quot;fancybox&quot;}\">\n\n\t\n\t<div  class=\"modula-items\">\n\t\t<div class=\"modula-item effect-pufrobo\" >\n\t<div class=\"modula-item-overlay\"><\/div>\n\n\t<div class=\"modula-item-content\">\n\n\t\t<a data-image-id=\"2553\" role=\"button\" tabindex=\"0\" rel=\"jtg-2574\" data-caption=\"\" aria-label=\"Otw\u00f3rz obrazek w lightboxie\" class=\"tile-inner modula-item-link\"><\/a><img loading=\"lazy\" decoding=\"async\" class=\"pic wp-image-2553\"  data-valign=\"middle\" data-halign=\"center\" alt=\"\" data-full=\"http:\/\/zeglarzezpabianic.pl\/wp-content\/uploads\/2023\/02\/WhatsApp-Image-2022-10-12-at-14.17.31.jpeg\" title=\"WhatsApp-Image-2022-10-12-at-14.17.31\" crop=\"\" width=\"225\" height=\"300\" src=\"http:\/\/zeglarzezpabianic.pl\/wp-content\/uploads\/2023\/02\/WhatsApp-Image-2022-10-12-at-14.17.31-225x300.jpeg\" data-src=\"http:\/\/zeglarzezpabianic.pl\/wp-content\/uploads\/2023\/02\/WhatsApp-Image-2022-10-12-at-14.17.31-225x300.jpeg\" data-caption=\"\" srcset=\"http:\/\/zeglarzezpabianic.pl\/wp-content\/uploads\/2023\/02\/WhatsApp-Image-2022-10-12-at-14.17.31.jpeg 1536w, http:\/\/zeglarzezpabianic.pl\/wp-content\/uploads\/2023\/02\/WhatsApp-Image-2022-10-12-at-14.17.31-225x300.jpeg 225w, http:\/\/zeglarzezpabianic.pl\/wp-content\/uploads\/2023\/02\/WhatsApp-Image-2022-10-12-at-14.17.31-768x1024.jpeg 768w, http:\/\/zeglarzezpabianic.pl\/wp-content\/uploads\/2023\/02\/WhatsApp-Image-2022-10-12-at-14.17.31-1152x1536.jpeg 1152w\" sizes=\"auto, (max-width: 225px) 100vw, 225px\" \/>\n\t\t<div class=\"figc no-description\">\n\t\t\t<div class=\"figc-inner\">\n\t\t\t\t\t\t\t\t\t\t\t\t\t\t\t<\/div>\n\t\t<\/div>\n\n\t<\/div>\n\n<\/div><div class=\"modula-item effect-pufrobo\" >\n\t<div class=\"modula-item-overlay\"><\/div>\n\n\t<div class=\"modula-item-content\">\n\n\t\t<a data-image-id=\"2556\" role=\"button\" tabindex=\"0\" rel=\"jtg-2574\" data-caption=\"\" aria-label=\"Otw\u00f3rz obrazek w lightboxie\" class=\"tile-inner modula-item-link\"><\/a><img loading=\"lazy\" decoding=\"async\" class=\"pic wp-image-2556\"  data-valign=\"middle\" data-halign=\"center\" alt=\"\" data-full=\"http:\/\/zeglarzezpabianic.pl\/wp-content\/uploads\/2023\/02\/WhatsApp-Image-2022-10-12-at-14.17.32.jpeg\" title=\"WhatsApp-Image-2022-10-12-at-14.17.32\" crop=\"\" width=\"225\" height=\"300\" src=\"http:\/\/zeglarzezpabianic.pl\/wp-content\/uploads\/2023\/02\/WhatsApp-Image-2022-10-12-at-14.17.32-225x300.jpeg\" data-src=\"http:\/\/zeglarzezpabianic.pl\/wp-content\/uploads\/2023\/02\/WhatsApp-Image-2022-10-12-at-14.17.32-225x300.jpeg\" data-caption=\"\" srcset=\"http:\/\/zeglarzezpabianic.pl\/wp-content\/uploads\/2023\/02\/WhatsApp-Image-2022-10-12-at-14.17.32.jpeg 1536w, http:\/\/zeglarzezpabianic.pl\/wp-content\/uploads\/2023\/02\/WhatsApp-Image-2022-10-12-at-14.17.32-225x300.jpeg 225w, http:\/\/zeglarzezpabianic.pl\/wp-content\/uploads\/2023\/02\/WhatsApp-Image-2022-10-12-at-14.17.32-768x1024.jpeg 768w, http:\/\/zeglarzezpabianic.pl\/wp-content\/uploads\/2023\/02\/WhatsApp-Image-2022-10-12-at-14.17.32-1152x1536.jpeg 1152w\" sizes=\"auto, (max-width: 225px) 100vw, 225px\" \/>\n\t\t<div class=\"figc no-description\">\n\t\t\t<div class=\"figc-inner\">\n\t\t\t\t\t\t\t\t\t\t\t\t\t\t\t<\/div>\n\t\t<\/div>\n\n\t<\/div>\n\n<\/div><div class=\"modula-item effect-pufrobo\" >\n\t<div class=\"modula-item-overlay\"><\/div>\n\n\t<div class=\"modula-item-content\">\n\n\t\t<a data-image-id=\"2555\" role=\"button\" tabindex=\"0\" rel=\"jtg-2574\" data-caption=\"\" aria-label=\"Otw\u00f3rz obrazek w lightboxie\" class=\"tile-inner modula-item-link\"><\/a><img loading=\"lazy\" decoding=\"async\" class=\"pic wp-image-2555\"  data-valign=\"middle\" data-halign=\"center\" alt=\"\" data-full=\"http:\/\/zeglarzezpabianic.pl\/wp-content\/uploads\/2023\/02\/WhatsApp-Image-2022-10-12-at-14.17.33.jpeg\" title=\"WhatsApp-Image-2022-10-12-at-14.17.33\" crop=\"\" width=\"300\" height=\"225\" src=\"http:\/\/zeglarzezpabianic.pl\/wp-content\/uploads\/2023\/02\/WhatsApp-Image-2022-10-12-at-14.17.33-300x225.jpeg\" data-src=\"http:\/\/zeglarzezpabianic.pl\/wp-content\/uploads\/2023\/02\/WhatsApp-Image-2022-10-12-at-14.17.33-300x225.jpeg\" data-caption=\"\" srcset=\"http:\/\/zeglarzezpabianic.pl\/wp-content\/uploads\/2023\/02\/WhatsApp-Image-2022-10-12-at-14.17.33.jpeg 2048w, http:\/\/zeglarzezpabianic.pl\/wp-content\/uploads\/2023\/02\/WhatsApp-Image-2022-10-12-at-14.17.33-300x225.jpeg 300w, http:\/\/zeglarzezpabianic.pl\/wp-content\/uploads\/2023\/02\/WhatsApp-Image-2022-10-12-at-14.17.33-1024x768.jpeg 1024w, http:\/\/zeglarzezpabianic.pl\/wp-content\/uploads\/2023\/02\/WhatsApp-Image-2022-10-12-at-14.17.33-768x576.jpeg 768w, http:\/\/zeglarzezpabianic.pl\/wp-content\/uploads\/2023\/02\/WhatsApp-Image-2022-10-12-at-14.17.33-1536x1152.jpeg 1536w\" sizes=\"auto, (max-width: 300px) 100vw, 300px\" \/>\n\t\t<div class=\"figc no-description\">\n\t\t\t<div class=\"figc-inner\">\n\t\t\t\t\t\t\t\t\t\t\t\t\t\t\t<\/div>\n\t\t<\/div>\n\n\t<\/div>\n\n<\/div><div class=\"modula-item effect-pufrobo\" >\n\t<div class=\"modula-item-overlay\"><\/div>\n\n\t<div class=\"modula-item-content\">\n\n\t\t<a data-image-id=\"2557\" role=\"button\" tabindex=\"0\" rel=\"jtg-2574\" data-caption=\"\" aria-label=\"Otw\u00f3rz obrazek w lightboxie\" class=\"tile-inner modula-item-link\"><\/a><img loading=\"lazy\" decoding=\"async\" class=\"pic wp-image-2557\"  data-valign=\"middle\" data-halign=\"center\" alt=\"\" data-full=\"http:\/\/zeglarzezpabianic.pl\/wp-content\/uploads\/2023\/02\/WhatsApp-Image-2022-10-12-at-14.17.36-1.jpeg\" title=\"WhatsApp-Image-2022-10-12-at-14.17.36-1\" crop=\"\" width=\"225\" height=\"300\" src=\"http:\/\/zeglarzezpabianic.pl\/wp-content\/uploads\/2023\/02\/WhatsApp-Image-2022-10-12-at-14.17.36-1-225x300.jpeg\" data-src=\"http:\/\/zeglarzezpabianic.pl\/wp-content\/uploads\/2023\/02\/WhatsApp-Image-2022-10-12-at-14.17.36-1-225x300.jpeg\" data-caption=\"\" srcset=\"http:\/\/zeglarzezpabianic.pl\/wp-content\/uploads\/2023\/02\/WhatsApp-Image-2022-10-12-at-14.17.36-1.jpeg 1500w, http:\/\/zeglarzezpabianic.pl\/wp-content\/uploads\/2023\/02\/WhatsApp-Image-2022-10-12-at-14.17.36-1-225x300.jpeg 225w, http:\/\/zeglarzezpabianic.pl\/wp-content\/uploads\/2023\/02\/WhatsApp-Image-2022-10-12-at-14.17.36-1-768x1024.jpeg 768w, http:\/\/zeglarzezpabianic.pl\/wp-content\/uploads\/2023\/02\/WhatsApp-Image-2022-10-12-at-14.17.36-1-1152x1536.jpeg 1152w\" sizes=\"auto, (max-width: 225px) 100vw, 225px\" \/>\n\t\t<div class=\"figc no-description\">\n\t\t\t<div class=\"figc-inner\">\n\t\t\t\t\t\t\t\t\t\t\t\t\t\t\t<\/div>\n\t\t<\/div>\n\n\t<\/div>\n\n<\/div><div class=\"modula-item effect-pufrobo\" >\n\t<div class=\"modula-item-overlay\"><\/div>\n\n\t<div class=\"modula-item-content\">\n\n\t\t<a data-image-id=\"2562\" role=\"button\" tabindex=\"0\" rel=\"jtg-2574\" data-caption=\"\" aria-label=\"Otw\u00f3rz obrazek w lightboxie\" class=\"tile-inner modula-item-link\"><\/a><img loading=\"lazy\" decoding=\"async\" class=\"pic wp-image-2562\"  data-valign=\"middle\" data-halign=\"center\" alt=\"\" data-full=\"http:\/\/zeglarzezpabianic.pl\/wp-content\/uploads\/2023\/02\/WhatsApp-Image-2022-10-12-at-14.17.38-3.jpeg\" title=\"WhatsApp-Image-2022-10-12-at-14.17.38-3\" crop=\"\" width=\"300\" height=\"225\" src=\"http:\/\/zeglarzezpabianic.pl\/wp-content\/uploads\/2023\/02\/WhatsApp-Image-2022-10-12-at-14.17.38-3-300x225.jpeg\" data-src=\"http:\/\/zeglarzezpabianic.pl\/wp-content\/uploads\/2023\/02\/WhatsApp-Image-2022-10-12-at-14.17.38-3-300x225.jpeg\" data-caption=\"\" srcset=\"http:\/\/zeglarzezpabianic.pl\/wp-content\/uploads\/2023\/02\/WhatsApp-Image-2022-10-12-at-14.17.38-3.jpeg 2048w, http:\/\/zeglarzezpabianic.pl\/wp-content\/uploads\/2023\/02\/WhatsApp-Image-2022-10-12-at-14.17.38-3-300x225.jpeg 300w, http:\/\/zeglarzezpabianic.pl\/wp-content\/uploads\/2023\/02\/WhatsApp-Image-2022-10-12-at-14.17.38-3-1024x768.jpeg 1024w, http:\/\/zeglarzezpabianic.pl\/wp-content\/uploads\/2023\/02\/WhatsApp-Image-2022-10-12-at-14.17.38-3-768x576.jpeg 768w, http:\/\/zeglarzezpabianic.pl\/wp-content\/uploads\/2023\/02\/WhatsApp-Image-2022-10-12-at-14.17.38-3-1536x1152.jpeg 1536w\" sizes=\"auto, (max-width: 300px) 100vw, 300px\" \/>\n\t\t<div class=\"figc no-description\">\n\t\t\t<div class=\"figc-inner\">\n\t\t\t\t\t\t\t\t\t\t\t\t\t\t\t<\/div>\n\t\t<\/div>\n\n\t<\/div>\n\n<\/div><div class=\"modula-item effect-pufrobo\" >\n\t<div class=\"modula-item-overlay\"><\/div>\n\n\t<div class=\"modula-item-content\">\n\n\t\t<a data-image-id=\"2558\" role=\"button\" tabindex=\"0\" rel=\"jtg-2574\" data-caption=\"\" aria-label=\"Otw\u00f3rz obrazek w lightboxie\" class=\"tile-inner modula-item-link\"><\/a><img loading=\"lazy\" decoding=\"async\" class=\"pic wp-image-2558\"  data-valign=\"middle\" data-halign=\"center\" alt=\"\" data-full=\"http:\/\/zeglarzezpabianic.pl\/wp-content\/uploads\/2023\/02\/WhatsApp-Image-2022-10-12-at-14.17.37.jpeg\" title=\"WhatsApp-Image-2022-10-12-at-14.17.37\" crop=\"\" width=\"300\" height=\"225\" src=\"http:\/\/zeglarzezpabianic.pl\/wp-content\/uploads\/2023\/02\/WhatsApp-Image-2022-10-12-at-14.17.37-300x225.jpeg\" data-src=\"http:\/\/zeglarzezpabianic.pl\/wp-content\/uploads\/2023\/02\/WhatsApp-Image-2022-10-12-at-14.17.37-300x225.jpeg\" data-caption=\"\" srcset=\"http:\/\/zeglarzezpabianic.pl\/wp-content\/uploads\/2023\/02\/WhatsApp-Image-2022-10-12-at-14.17.37.jpeg 2048w, http:\/\/zeglarzezpabianic.pl\/wp-content\/uploads\/2023\/02\/WhatsApp-Image-2022-10-12-at-14.17.37-300x225.jpeg 300w, http:\/\/zeglarzezpabianic.pl\/wp-content\/uploads\/2023\/02\/WhatsApp-Image-2022-10-12-at-14.17.37-1024x768.jpeg 1024w, http:\/\/zeglarzezpabianic.pl\/wp-content\/uploads\/2023\/02\/WhatsApp-Image-2022-10-12-at-14.17.37-768x576.jpeg 768w, http:\/\/zeglarzezpabianic.pl\/wp-content\/uploads\/2023\/02\/WhatsApp-Image-2022-10-12-at-14.17.37-1536x1152.jpeg 1536w\" sizes=\"auto, (max-width: 300px) 100vw, 300px\" \/>\n\t\t<div class=\"figc no-description\">\n\t\t\t<div class=\"figc-inner\">\n\t\t\t\t\t\t\t\t\t\t\t\t\t\t\t<\/div>\n\t\t<\/div>\n\n\t<\/div>\n\n<\/div><div class=\"modula-item effect-pufrobo\" >\n\t<div class=\"modula-item-overlay\"><\/div>\n\n\t<div class=\"modula-item-content\">\n\n\t\t<a data-image-id=\"2563\" role=\"button\" tabindex=\"0\" rel=\"jtg-2574\" data-caption=\"\" aria-label=\"Otw\u00f3rz obrazek w lightboxie\" class=\"tile-inner modula-item-link\"><\/a><img loading=\"lazy\" decoding=\"async\" class=\"pic wp-image-2563\"  data-valign=\"middle\" data-halign=\"center\" alt=\"\" data-full=\"http:\/\/zeglarzezpabianic.pl\/wp-content\/uploads\/2023\/02\/WhatsApp-Image-2022-10-12-at-14.17.38-1.jpeg\" title=\"WhatsApp-Image-2022-10-12-at-14.17.38-1\" crop=\"\" width=\"225\" height=\"300\" src=\"http:\/\/zeglarzezpabianic.pl\/wp-content\/uploads\/2023\/02\/WhatsApp-Image-2022-10-12-at-14.17.38-1-225x300.jpeg\" data-src=\"http:\/\/zeglarzezpabianic.pl\/wp-content\/uploads\/2023\/02\/WhatsApp-Image-2022-10-12-at-14.17.38-1-225x300.jpeg\" data-caption=\"\" srcset=\"http:\/\/zeglarzezpabianic.pl\/wp-content\/uploads\/2023\/02\/WhatsApp-Image-2022-10-12-at-14.17.38-1.jpeg 1536w, http:\/\/zeglarzezpabianic.pl\/wp-content\/uploads\/2023\/02\/WhatsApp-Image-2022-10-12-at-14.17.38-1-225x300.jpeg 225w, http:\/\/zeglarzezpabianic.pl\/wp-content\/uploads\/2023\/02\/WhatsApp-Image-2022-10-12-at-14.17.38-1-768x1024.jpeg 768w, http:\/\/zeglarzezpabianic.pl\/wp-content\/uploads\/2023\/02\/WhatsApp-Image-2022-10-12-at-14.17.38-1-1152x1536.jpeg 1152w\" sizes=\"auto, (max-width: 225px) 100vw, 225px\" \/>\n\t\t<div class=\"figc no-description\">\n\t\t\t<div class=\"figc-inner\">\n\t\t\t\t\t\t\t\t\t\t\t\t\t\t\t<\/div>\n\t\t<\/div>\n\n\t<\/div>\n\n<\/div><div class=\"modula-item effect-pufrobo\" >\n\t<div class=\"modula-item-overlay\"><\/div>\n\n\t<div class=\"modula-item-content\">\n\n\t\t<a data-image-id=\"2564\" role=\"button\" tabindex=\"0\" rel=\"jtg-2574\" data-caption=\"\" aria-label=\"Otw\u00f3rz obrazek w lightboxie\" class=\"tile-inner modula-item-link\"><\/a><img loading=\"lazy\" decoding=\"async\" class=\"pic wp-image-2564\"  data-valign=\"middle\" data-halign=\"center\" alt=\"\" data-full=\"http:\/\/zeglarzezpabianic.pl\/wp-content\/uploads\/2023\/02\/WhatsApp-Image-2022-10-12-at-14.17.38.jpeg\" title=\"WhatsApp-Image-2022-10-12-at-14.17.38\" crop=\"\" width=\"225\" height=\"300\" src=\"http:\/\/zeglarzezpabianic.pl\/wp-content\/uploads\/2023\/02\/WhatsApp-Image-2022-10-12-at-14.17.38-225x300.jpeg\" data-src=\"http:\/\/zeglarzezpabianic.pl\/wp-content\/uploads\/2023\/02\/WhatsApp-Image-2022-10-12-at-14.17.38-225x300.jpeg\" data-caption=\"\" srcset=\"http:\/\/zeglarzezpabianic.pl\/wp-content\/uploads\/2023\/02\/WhatsApp-Image-2022-10-12-at-14.17.38.jpeg 1536w, http:\/\/zeglarzezpabianic.pl\/wp-content\/uploads\/2023\/02\/WhatsApp-Image-2022-10-12-at-14.17.38-225x300.jpeg 225w, http:\/\/zeglarzezpabianic.pl\/wp-content\/uploads\/2023\/02\/WhatsApp-Image-2022-10-12-at-14.17.38-768x1024.jpeg 768w, http:\/\/zeglarzezpabianic.pl\/wp-content\/uploads\/2023\/02\/WhatsApp-Image-2022-10-12-at-14.17.38-1152x1536.jpeg 1152w\" sizes=\"auto, (max-width: 225px) 100vw, 225px\" \/>\n\t\t<div class=\"figc no-description\">\n\t\t\t<div class=\"figc-inner\">\n\t\t\t\t\t\t\t\t\t\t\t\t\t\t\t<\/div>\n\t\t<\/div>\n\n\t<\/div>\n\n<\/div>\t\t\n\t<\/div>\n\n\t\n\t\n\t<script type=\"application\/ld+json\">\n\t{\n\t\t\"@context\": \"http:\/\/schema.org\",\n\t\t\"@type\"   : \"ImageGallery\",\n\t\t\"id\"      : \"http:\/\/zeglarzezpabianic.pl\/index.php\/osrodek-zeglarski\/\",\n\t\t\"url\"     : \"http:\/\/zeglarzezpabianic.pl\/index.php\/osrodek-zeglarski\/\"\n\t}\n\n\t<\/script>\n\n\t\n<\/div>\n<\/div><\/div>\n\n\n\n<p><\/p>\n\n\n\n<center><iframe loading=\"lazy\" src=\"https:\/\/www.youtube.com\/embed\/Az87qIHlcWA\" allow=\"accelerometer; autoplay; encrypted-media; gyroscope; picture-in-picture\" allowfullscreen=\"\" width=\"726\" height=\"450\" frameborder=\"0\"><\/iframe><\/center>\n","protected":false},"excerpt":{"rendered":"<p>O\u015brodek \u017ceglarski w Nowym Duninowie niedaleko P\u0142ocka &#8211; zaledwie 120 km od Pabianic &#8211; po\u0142o\u017cony jest w lesie nad brzegiem Jeziora W\u0142oc\u0142awskiego. Lokalizacja o\u015brodka z dala od miejskiego zgie\u0142ku w &hellip; <\/p>\n<p class=\"link-more\"><a href=\"http:\/\/zeglarzezpabianic.pl\/index.php\/osrodek-zeglarski\/\" class=\"more-link\">Czytaj dalej<span class=\"screen-reader-text\"> \u201eO\u015brodek rekreacyjno-\u017ceglarski w Nowym Duninowie\u201d<\/span><\/a><\/p>\n","protected":false},"author":2,"featured_media":0,"parent":0,"menu_order":0,"comment_status":"closed","ping_status":"closed","template":"","meta":{"footnotes":""},"class_list":["post-56","page","type-page","status-publish","hentry"],"_links":{"self":[{"href":"http:\/\/zeglarzezpabianic.pl\/index.php\/wp-json\/wp\/v2\/pages\/56","targetHints":{"allow":["GET"]}}],"collection":[{"href":"http:\/\/zeglarzezpabianic.pl\/index.php\/wp-json\/wp\/v2\/pages"}],"about":[{"href":"http:\/\/zeglarzezpabianic.pl\/index.php\/wp-json\/wp\/v2\/types\/page"}],"author":[{"embeddable":true,"href":"http:\/\/zeglarzezpabianic.pl\/index.php\/wp-json\/wp\/v2\/users\/2"}],"replies":[{"embeddable":true,"href":"http:\/\/zeglarzezpabianic.pl\/index.php\/wp-json\/wp\/v2\/comments?post=56"}],"version-history":[{"count":40,"href":"http:\/\/zeglarzezpabianic.pl\/index.php\/wp-json\/wp\/v2\/pages\/56\/revisions"}],"predecessor-version":[{"id":3102,"href":"http:\/\/zeglarzezpabianic.pl\/index.php\/wp-json\/wp\/v2\/pages\/56\/revisions\/3102"}],"wp:attachment":[{"href":"http:\/\/zeglarzezpabianic.pl\/index.php\/wp-json\/wp\/v2\/media?parent=56"}],"curies":[{"name":"wp","href":"https:\/\/api.w.org\/{rel}","templated":true}]}}