{"id":77,"date":"2019-04-10T11:18:37","date_gmt":"2019-04-10T11:18:37","guid":{"rendered":"http:\/\/192.168.1.107\/?page_id=77"},"modified":"2019-09-18T20:18:00","modified_gmt":"2019-09-18T20:18:00","slug":"przydatne-linki","status":"publish","type":"page","link":"http:\/\/zeglarzezpabianic.pl\/index.php\/przydatne-linki\/","title":{"rendered":"Przydatne linki"},"content":{"rendered":"<table id=\"aktList\" width=\"90%\">\n<tbody>\n<tr>\n<td class=\"td1\">Przydatne linki<\/td>\n<\/tr>\n<tr>\n<p><h9 id=\"partnerzy\"><\/p>\n<p align=\"left\"><b>WSPIERAJ\u0104 NAS<\/b><\/p>\n<p><a href=\"http:\/\/um.pabianice.pl\/\" target=\"_blank\" rel=\"noopener noreferrer\">Urz\u0105d Miasta Pabianic<\/a><\/p>\n<p><a href=\"http:\/\/www.powiat.pabianice.pl\/\" target=\"_blank\" rel=\"noopener noreferrer\">Powiat Pabianicki<\/a><\/p>\n<p><a href=\"http:\/\/www.mosir.pabianice.pl\/index_2.html\" target=\"_blank\" rel=\"noopener noreferrer\">MOSiR Pabianice<\/a><\/p>\n<p><a href=\"http:\/\/nowyduninow.info.pl\/\" target=\"_blank\" rel=\"noopener noreferrer\">Gmina Nowy Dunin\u00f3w<\/a><\/p>\n<p><a href=\"http:\/\/lok.org.pl\/\" target=\"_blank\" rel=\"noopener noreferrer\">Liga Obrony Kraju<\/a><\/p>\n<p><a href=\"http:\/\/pya.org.pl\/polski-zwiazek-zeglarski\/\" target=\"_blank\" rel=\"noopener noreferrer\">Polski Zwi\u0105zek \u017beglarski<\/a><br \/>\n<\/h9><\/p>\n<p><h9 id=\"pogoda\"><br \/>\n<b>POGODA<\/b><\/p>\n<p><a href=\"https:\/\/www.windguru.cz\/401740\" target=\"_blank\" rel=\"noopener noreferrer\">Prognoza pogody &#8211; Windguru<\/a><\/p>\n<p><a href=\"http:\/\/www.meteo.pl\/\" target=\"_blank\" rel=\"noopener noreferrer\">Numeryczna prognoza pogody &#8211; Meteo<\/a><\/p>\n<p><a href=\"https:\/\/earth.nullschool.net\/#current\/wind\/isobaric\/1000hPa\/azimuthal_equidistant=8.12,53.48,1482\" target=\"_blank\" rel=\"noopener noreferrer\">Symulacja wiatr\u00f3w na \u015bwiecie<\/a><\/p>\n<p><a href=\"https:\/\/www.lightningmaps.org\/?lang=pl#m=sat;r=0;t=3;s=0;o=0;b=0.00;n=0;y=48.2557;x=-357.523;z=3;d=2;dl=2;dc=0;\" target=\"_blank\" rel=\"noopener noreferrer\">Mapa burzowa-\u015bwiat\u00a0<\/a><\/p>\n<p><a href=\"http:\/\/www.meteoearth.com\/#\/,13.50,56.96,5.27,5,1,1,0,0,1,time=1485811822\" target=\"_blank\" rel=\"noopener noreferrer\">MeteoEarth\u00a0<\/a><br \/>\n<\/h9><\/p>\n<p><h9 id=\"mapy\"><br \/>\n<b>MAPY<\/b><\/p>\n<p><a href=\"http:\/\/map.openseamap.org\/\" target=\"_blank\" rel=\"noopener noreferrer\">Mapa nawigacyjna- Open Sea Map<\/a><\/p>\n<p><a href=\"http:\/\/webapp.navionics.com\/\" target=\"_blank\" rel=\"noopener noreferrer\">Mapa nawigacyjna &#8211; Navionics<\/a><\/p>\n<p><a href=\"https:\/\/www.marinetraffic.com\/pl\/ais\/home\/centerx:17.6\/centery:55.5\/zoom:5\" target=\"_blank\" rel=\"noopener noreferrer\">Aktualna mapa ruch\u00f3w statk\u00f3w \u2013 Marine Traffic<\/a><br \/>\n<\/h9><\/p>\n<p><h9 id=\"polska\"><br \/>\n<b>POLSKA<\/b><\/p>\n<p><a href=\"http:\/\/www.motorowodniacy.org\/\" target=\"_blank\" rel=\"noopener noreferrer\">Polski Zwi\u0105zek Motorowodny i Narciarstwa Wodnego<\/a><\/p>\n<p><a href=\"http:\/\/kswlodz.pl\/kalendarium\/\" target=\"_blank\" rel=\"noopener noreferrer\">KSW-kalendarium \u017ceglarskie dla regionu \u0142\u00f3dzkiego<\/a><\/p>\n<p><a href=\"http:\/\/divers24.pl\/\" target=\"_blank\" rel=\"noopener noreferrer\">Portal nurkowy<\/a><\/p>\n<p><a href=\"http:\/\/www.portalmorski.pl\/\" target=\"_blank\" rel=\"noopener noreferrer\">Portal morski<\/a><\/p>\n<p><a href=\"http:\/\/sailing.org.pl\/\" target=\"_blank\" rel=\"noopener noreferrer\">Sailing.org<\/a><\/p>\n<p><a href=\"http:\/\/porty24.pl\/\" target=\"_blank\" rel=\"noopener noreferrer\">Porty, mariny, przystanie<\/a><\/p>\n<p><a href=\"https:\/\/www.webcamera.pl\/\" target=\"_blank\" rel=\"noopener noreferrer\">Web camera<\/a><\/p>\n<p><a href=\"http:\/\/www.wuja.republika.pl\/szl_kaj.html\" target=\"_blank\" rel=\"noopener noreferrer\">Szlaki kajakowe\u00a0<\/a><\/p>\n<p><a href=\"http:\/\/www.zegluga.com.pl\/\" target=\"_blank\" rel=\"noopener noreferrer\">\u017begluga ostr\u00f3dzko-elbl\u0105ska<\/a><\/p>\n<p><a href=\"http:\/\/www.zalewwislany.pl\/\" target=\"_blank\" rel=\"noopener noreferrer\">Zalew Wi\u015blany<\/a><\/p>\n<p><a href=\"http:\/\/www.wielka-petla.pl\/wielka-petla-wielkopolski.html\" target=\"_blank\" rel=\"noopener noreferrer\">P\u0119tla Wielkopolska<\/a><\/p>\n<p><a href=\"http:\/\/www.szlaki.mazury.pl\/Szlaki-kajakowe\" target=\"_blank\" rel=\"noopener noreferrer\">Szlaki kajakowe &#8211; Mazury<\/a><\/p>\n<p><a href=\"https:\/\/www.google.com\/maps\/d\/viewer?mid=1JZFKivJ2U-0383sUvgfMSOVJknE&amp;hl=en_US&amp;ll=53.84110787216597%2C21.958859104644716&amp;z=9\" target=\"_blank\" rel=\"noopener noreferrer\">Mini locja &#8211; mapa Mazur<\/a><\/p>\n<p><a href=\"http:\/\/www.7cudowmazur.pl\/\" target=\"_blank\" rel=\"noopener noreferrer\">7 cud\u00f3w Mazur<\/a><\/p>\n<p><a href=\"http:\/\/www.taider.pl\/funkcje\/\" target=\"_blank\" rel=\"noopener noreferrer\">\u017beglarskie mapy jezior\u00a0<\/a><br \/>\n<\/h9><\/p>\n<p><b>\u015aWIAT<\/b><\/p>\n<p><a href=\"http:\/\/www.crazynauka.pl\/powiekszanie-wszechswiata-zobacz-niesamowita-animacje\/\" target=\"_blank\" rel=\"noopener noreferrer\">Powi\u0119kszenie wszech\u015bwiata &#8211; animacja\u00a0<\/a><\/p>\n<p><a href=\"https:\/\/sohowww.nascom.nasa.gov\/data\/realtime\/eit_304\/512\/\" target=\"_blank\" rel=\"noopener noreferrer\">Aktualny widok S\u0142o\u0144ca\u00a0<\/a><\/p>\n<p><a href=\"http:\/\/www.teleskopy.pl\/obrotowamapanieba.html\" target=\"_blank\" rel=\"noopener noreferrer\">Obrotowa mapa nieba \u2013 po\u0142o\u017cenie gwiazdozbior\u00f3w\u00a0<\/a><\/p>\n<p><b>INNE<\/b><\/p>\n<p><a href=\"http:\/\/www.sejlerens.com\/\" target=\"_blank\" rel=\"noopener noreferrer\">Du\u0144ski informator o marinach<\/a><\/p>\n<p><a href=\"http:\/\/www.navipedia.pl\/\" target=\"_blank\" rel=\"noopener noreferrer\">Navipedia &#8211; wiedza o nawigacji<\/a><\/p>\n<p><a href=\"http:\/\/www.iala.bp8.pl\/\" target=\"_blank\" rel=\"noopener noreferrer\">System oznakowania nawigacyjnego IALA<\/a><\/p>\n<p><a href=\"http:\/\/ais.bp8.pl\/\" target=\"_blank\" rel=\"noopener noreferrer\">Program do nauki systemu AIS<\/a><\/p>\n<p><a href=\"https:\/\/www.zeglarstwo.waw.pl\/\" target=\"_blank\" rel=\"noopener noreferrer\">\u017beglarstwo.waw<\/a><\/p>\n<p><a href=\"http:\/\/www.szanty24.pl\/\" target=\"_blank\" rel=\"noopener noreferrer\">Szanty24<\/a><\/p>\n<p><a href=\"http:\/\/szanty.art.pl\/spiewnik\/\" target=\"_blank\" rel=\"noopener noreferrer\">\u015apiewnik szantowy<\/a><\/p>\n<p><a href=\"http:\/\/www.nat.pl\/uploads\/Przepisyregatoweeglarstwa.pdf\" target=\"_blank\" rel=\"noopener noreferrer\">Przepisy regatowe<\/a><\/p>\n<p><a href=\"http:\/\/pl.globalquiz.org\/ciekawostki-zeglarstwo\/\" target=\"_blank\" rel=\"noopener noreferrer\">Ciekawostki \u017ceglarskie<\/a><\/p>\n<p><a href=\"http:\/\/www.470.org\/\" target=\"_blank\" rel=\"noopener noreferrer\">Klasa 470<\/a><\/p>\n<p><a href=\"http:\/\/www.int505.pl\/\" target=\"_blank\" rel=\"noopener noreferrer\">Klasa 505<\/a><\/p>\n<\/td>\n<\/tr>\n<\/tbody>\n<\/table>\n","protected":false},"excerpt":{"rendered":"<p>Przydatne linki WSPIERAJ\u0104 NAS Urz\u0105d Miasta Pabianic Powiat Pabianicki MOSiR Pabianice Gmina Nowy Dunin\u00f3w Liga Obrony Kraju Polski Zwi\u0105zek \u017beglarski POGODA Prognoza pogody &#8211; Windguru Numeryczna prognoza pogody &#8211; Meteo &hellip; <\/p>\n<p class=\"link-more\"><a href=\"http:\/\/zeglarzezpabianic.pl\/index.php\/przydatne-linki\/\" class=\"more-link\">Czytaj dalej<span class=\"screen-reader-text\"> \u201ePrzydatne linki\u201d<\/span><\/a><\/p>\n","protected":false},"author":2,"featured_media":0,"parent":0,"menu_order":0,"comment_status":"closed","ping_status":"closed","template":"","meta":{"footnotes":""},"class_list":["post-77","page","type-page","status-publish","hentry"],"_links":{"self":[{"href":"http:\/\/zeglarzezpabianic.pl\/index.php\/wp-json\/wp\/v2\/pages\/77","targetHints":{"allow":["GET"]}}],"collection":[{"href":"http:\/\/zeglarzezpabianic.pl\/index.php\/wp-json\/wp\/v2\/pages"}],"about":[{"href":"http:\/\/zeglarzezpabianic.pl\/index.php\/wp-json\/wp\/v2\/types\/page"}],"author":[{"embeddable":true,"href":"http:\/\/zeglarzezpabianic.pl\/index.php\/wp-json\/wp\/v2\/users\/2"}],"replies":[{"embeddable":true,"href":"http:\/\/zeglarzezpabianic.pl\/index.php\/wp-json\/wp\/v2\/comments?post=77"}],"version-history":[{"count":4,"href":"http:\/\/zeglarzezpabianic.pl\/index.php\/wp-json\/wp\/v2\/pages\/77\/revisions"}],"predecessor-version":[{"id":316,"href":"http:\/\/zeglarzezpabianic.pl\/index.php\/wp-json\/wp\/v2\/pages\/77\/revisions\/316"}],"wp:attachment":[{"href":"http:\/\/zeglarzezpabianic.pl\/index.php\/wp-json\/wp\/v2\/media?parent=77"}],"curies":[{"name":"wp","href":"https:\/\/api.w.org\/{rel}","templated":true}]}}