{"id":94,"date":"2019-04-10T12:17:22","date_gmt":"2019-04-10T12:17:22","guid":{"rendered":"http:\/\/192.168.1.107\/?page_id=94"},"modified":"2020-03-19T15:50:22","modified_gmt":"2020-03-19T14:50:22","slug":"rejsy-morskie","status":"publish","type":"page","link":"http:\/\/zeglarzezpabianic.pl\/index.php\/rejsy\/rejsy-morskie\/","title":{"rendered":"Rejsy morskie"},"content":{"rendered":"\n<p>Pabianicki Klub Sport\u00f3w Wodnych ka\u017cdego roku organizuje rejsy morskie.<br>Latem w rejsach bior\u0105 udzia\u0142 uczniowie szk\u00f3\u0142 gimnazjalnych i\u00a0ponagimnazjalnych, kt\u00f3rzy wygrali konkurs &#8222;Jestem THE BEST&#8221;.<br>Dla cz\u0142onk\u00f3w klubu r\u00f3wnie\u017c organizowany jest rejs. Za\u0142oga po\u00a0wodach Ba\u0142tyku p\u0142ywa od ponad 20 lat. <\/p>\n\n\n\n<div class=\"wp-block-button\"><a class=\"wp-block-button__link has-background\" href=\"http:\/\/zeglarzezpabianic.pl\/index.php\/category\/galeria\/rejsy-morskie\/\" style=\"background-color:#060fe5\"> Relacje&#8230;.prawie na \u017cywo  <\/a><\/div>\n","protected":false},"excerpt":{"rendered":"<p>Pabianicki Klub Sport\u00f3w Wodnych ka\u017cdego roku organizuje rejsy morskie.Latem w rejsach bior\u0105 udzia\u0142 uczniowie szk\u00f3\u0142 gimnazjalnych i\u00a0ponagimnazjalnych, kt\u00f3rzy wygrali konkurs &#8222;Jestem THE BEST&#8221;.Dla cz\u0142onk\u00f3w klubu r\u00f3wnie\u017c organizowany jest rejs. Za\u0142oga &hellip; <\/p>\n<p class=\"link-more\"><a href=\"http:\/\/zeglarzezpabianic.pl\/index.php\/rejsy\/rejsy-morskie\/\" class=\"more-link\">Czytaj dalej<span class=\"screen-reader-text\"> \u201eRejsy morskie\u201d<\/span><\/a><\/p>\n","protected":false},"author":2,"featured_media":0,"parent":59,"menu_order":0,"comment_status":"closed","ping_status":"closed","template":"","meta":{"footnotes":""},"class_list":["post-94","page","type-page","status-publish","hentry"],"_links":{"self":[{"href":"http:\/\/zeglarzezpabianic.pl\/index.php\/wp-json\/wp\/v2\/pages\/94","targetHints":{"allow":["GET"]}}],"collection":[{"href":"http:\/\/zeglarzezpabianic.pl\/index.php\/wp-json\/wp\/v2\/pages"}],"about":[{"href":"http:\/\/zeglarzezpabianic.pl\/index.php\/wp-json\/wp\/v2\/types\/page"}],"author":[{"embeddable":true,"href":"http:\/\/zeglarzezpabianic.pl\/index.php\/wp-json\/wp\/v2\/users\/2"}],"replies":[{"embeddable":true,"href":"http:\/\/zeglarzezpabianic.pl\/index.php\/wp-json\/wp\/v2\/comments?post=94"}],"version-history":[{"count":13,"href":"http:\/\/zeglarzezpabianic.pl\/index.php\/wp-json\/wp\/v2\/pages\/94\/revisions"}],"predecessor-version":[{"id":1085,"href":"http:\/\/zeglarzezpabianic.pl\/index.php\/wp-json\/wp\/v2\/pages\/94\/revisions\/1085"}],"up":[{"embeddable":true,"href":"http:\/\/zeglarzezpabianic.pl\/index.php\/wp-json\/wp\/v2\/pages\/59"}],"wp:attachment":[{"href":"http:\/\/zeglarzezpabianic.pl\/index.php\/wp-json\/wp\/v2\/media?parent=94"}],"curies":[{"name":"wp","href":"https:\/\/api.w.org\/{rel}","templated":true}]}}